{"id":1251,"date":"2022-07-09T18:31:10","date_gmt":"2022-07-09T18:31:10","guid":{"rendered":"https:\/\/canhcamconsulting.com\/?page_id=1251"},"modified":"2022-11-21T16:35:30","modified_gmt":"2022-11-21T16:35:30","slug":"strategy-consultation","status":"publish","type":"page","link":"https:\/\/canhcamconsulting.com\/index.php\/strategy-consultation\/","title":{"rendered":"T\u01b0 V\u1ea5n Chi\u1ebfn L\u01b0\u1ee3c"},"content":{"rendered":"\t\t<div data-elementor-type=\"wp-page\" data-elementor-id=\"1251\" class=\"elementor elementor-1251\">\n\t\t\t\t\t\t<section class=\"elementor-section elementor-top-section elementor-element elementor-element-c4c132f elementor-section-boxed elementor-section-height-default elementor-section-height-default\" data-id=\"c4c132f\" data-element_type=\"section\" data-e-type=\"section\">\n\t\t\t\t\t\t<div class=\"elementor-container elementor-column-gap-default\">\n\t\t\t\t\t<div class=\"elementor-column elementor-col-33 elementor-top-column elementor-element elementor-element-e5eacf6\" data-id=\"e5eacf6\" data-element_type=\"column\" data-e-type=\"column\">\n\t\t\t<div class=\"elementor-widget-wrap elementor-element-populated\">\n\t\t\t\t\t\t<div class=\"elementor-element elementor-element-40be423 elementor-invisible elementor-widget elementor-widget-heading\" data-id=\"40be423\" data-element_type=\"widget\" data-e-type=\"widget\" data-settings=\"{&quot;_animation&quot;:&quot;fadeInLeft&quot;}\" data-widget_type=\"heading.default\">\n\t\t\t\t<div class=\"elementor-widget-container\">\n\t\t\t\t\t<h2 class=\"elementor-heading-title elementor-size-large\">Chi\u1ebfn L\u01b0\u1ee3c <br>Xu\u1ea5t S\u1eafc, <br>Chi\u1ebfn Th\u1eafng <br>N\u1eafm Ch\u1eafc<\/h2>\t\t\t\t<\/div>\n\t\t\t\t<\/div>\n\t\t\t\t<div class=\"elementor-element elementor-element-7aae122 elementor-invisible elementor-widget elementor-widget-text-editor\" data-id=\"7aae122\" data-element_type=\"widget\" data-e-type=\"widget\" data-settings=\"{&quot;_animation&quot;:&quot;fadeInLeft&quot;}\" data-widget_type=\"text-editor.default\">\n\t\t\t\t<div class=\"elementor-widget-container\">\n\t\t\t\t\t\t\t\t\t<h3 style=\"margin-top: 20px;\"><span style=\"font-size: 18.6667px; font-family: Arial, Helvetica, sans-serif;\"><i>C\u0169ng nh\u01b0 m\u1ed9t v\u00e1n c\u1edd, \u0111\u1ec3 gi\u00e0nh \u0111\u01b0\u1ee3c chi\u1ebfn th\u1eafng, c\u1ea7n c\u00f3 m\u1ed9t chi\u1ebfn l\u01b0\u1ee3c s\u00e2u s\u1eafc v\u00e0 th\u00edch nghi v\u1edbi m\u1ecdi t\u00ecnh hu\u1ed1ng. \u0110\u1ed9i ng\u0169 C\u00e1nh Cam Consulting v\u1edbi nh\u1eefng th\u00e0nh vi\u00ean gi\u00e0u kinh nghi\u1ec7m v\u1ec1 vi\u1ec7c nghi\u00ean c\u1ee9u, \u0111\u1ecbnh h\u01b0\u1edbng, gi\u1ea3i ph\u00e1p t\u1eeb t\u1ed5ng qu\u00e1t \u0111\u1ebfn chi ti\u1ebft, s\u1ebd \u0111\u1ed3ng h\u00e0nh c\u00f9ng qu\u00fd kh\u00e1ch h\u00e0ng, qu\u00fd doanh nghi\u1ec7p trong vi\u1ec7c thu th\u1eadp th\u00f4ng tin s\u01a1 c\u1ea5p, th\u00f4ng tin th\u1ee9 c\u1ea5p, ph\u00e2n t\u00edch d\u1eef li\u1ec7u, m\u1ee5c ti\u00eau, kh\u00e1ch h\u00e0ng, th\u1ecb tr\u01b0\u1eddng, &#8230; V\u00e0 t\u1eeb \u0111\u00f3, v\u1edbi vi\u1ec7c \u0111\u01b0a ra nh\u1eefng chi\u1ebfn l\u01b0\u1ee3c b\u00e0i b\u1ea3n, th\u1ef1c t\u1ebf v\u00e0 s\u00e1ng t\u1ea1o \u0111\u1ec3 t\u1ed1i \u01b0u h\u00f3a ngu\u1ed3n l\u1ef1c, t\u1ed1i gi\u1ea3n h\u00f3a chi ph\u00ed, \u0111\u1ea1t \u0111\u01b0\u1ee3c hi\u1ec7u qu\u1ea3 t\u1ed1i \u0111a, qu\u00fd kh\u00e1ch h\u00e0ng v\u00e0 qu\u00fd doanh nghi\u1ec7p s\u1ebd c\u00f3 \u0111\u01b0\u1ee3c l\u1ee3i th\u1ebf c\u1ea1nh tranh v\u00e0 ph\u00e1t tri\u1ec3n b\u1ec1n v\u1eefng.<\/i><\/span><\/h3>\t\t\t\t\t\t\t\t<\/div>\n\t\t\t\t<\/div>\n\t\t\t\t\t<\/div>\n\t\t<\/div>\n\t\t\t\t<div class=\"elementor-column elementor-col-66 elementor-top-column elementor-element elementor-element-d0ae8de\" data-id=\"d0ae8de\" data-element_type=\"column\" data-e-type=\"column\">\n\t\t\t<div class=\"elementor-widget-wrap elementor-element-populated\">\n\t\t\t\t\t\t<div class=\"elementor-element elementor-element-f02455d elementor-invisible elementor-widget elementor-widget-image\" data-id=\"f02455d\" data-element_type=\"widget\" data-e-type=\"widget\" data-settings=\"{&quot;_animation&quot;:&quot;fadeInRight&quot;}\" data-widget_type=\"image.default\">\n\t\t\t\t<div class=\"elementor-widget-container\">\n\t\t\t\t\t\t\t\t\t\t\t\t\t\t\t<img decoding=\"async\" src=\"https:\/\/canhcamconsulting.com\/wp-content\/uploads\/elementor\/thumbs\/business-3639451-1-scaled-pxxbck4chz5ao30t6yaw726r8ishiqado1lnhylkao.jpg\" title=\"business-3639451\" alt=\"business-3639451\" loading=\"lazy\" \/>\t\t\t\t\t\t\t\t\t\t\t\t\t\t\t<\/div>\n\t\t\t\t<\/div>\n\t\t\t\t\t<\/div>\n\t\t<\/div>\n\t\t\t\t\t<\/div>\n\t\t<\/section>\n\t\t\t\t<section class=\"elementor-section elementor-top-section elementor-element elementor-element-4b69108 elementor-section-boxed elementor-section-height-default elementor-section-height-default\" data-id=\"4b69108\" data-element_type=\"section\" data-e-type=\"section\">\n\t\t\t\t\t\t<div class=\"elementor-container elementor-column-gap-default\">\n\t\t\t\t\t<div class=\"elementor-column elementor-col-100 elementor-top-column elementor-element elementor-element-a71818c\" data-id=\"a71818c\" data-element_type=\"column\" data-e-type=\"column\">\n\t\t\t<div class=\"elementor-widget-wrap elementor-element-populated\">\n\t\t\t\t\t\t<div class=\"elementor-element elementor-element-b1aa6cf elementor-invisible elementor-widget elementor-widget-heading\" data-id=\"b1aa6cf\" data-element_type=\"widget\" data-e-type=\"widget\" data-settings=\"{&quot;_animation&quot;:&quot;fadeInUp&quot;}\" data-widget_type=\"heading.default\">\n\t\t\t\t<div class=\"elementor-widget-container\">\n\t\t\t\t\t<h1 class=\"elementor-heading-title elementor-size-large\">N\u01b0\u1edbc \u0110i Ti\u1ebfp Theo \u0110\u1ec3 \u0110\u1ea1t \u0110\u01b0\u1ee3c S\u1ef1 Th\u00e0nh C\u00f4ng L\u00e0 C\u1ee7a B\u1ea1n!<\/h1>\t\t\t\t<\/div>\n\t\t\t\t<\/div>\n\t\t\t\t<div class=\"elementor-element elementor-element-8589a1e elementor-align-center elementor-invisible elementor-widget elementor-widget-button\" data-id=\"8589a1e\" data-element_type=\"widget\" data-e-type=\"widget\" data-settings=\"{&quot;_animation&quot;:&quot;fadeInUp&quot;}\" data-widget_type=\"button.default\">\n\t\t\t\t<div class=\"elementor-widget-container\">\n\t\t\t\t\t\t\t\t\t<div class=\"elementor-button-wrapper\">\n\t\t\t\t\t<a class=\"elementor-button elementor-button-link elementor-size-xl elementor-animation-grow\" href=\"https:\/\/canhcamconsulting.com\/index.php\/contact\/\">\n\t\t\t\t\t\t<span class=\"elementor-button-content-wrapper\">\n\t\t\t\t\t\t\t\t\t<span class=\"elementor-button-text\">Li\u00ean H\u1ec7 Ch\u00fang T\u00f4i<\/span>\n\t\t\t\t\t<\/span>\n\t\t\t\t\t<\/a>\n\t\t\t\t<\/div>\n\t\t\t\t\t\t\t\t<\/div>\n\t\t\t\t<\/div>\n\t\t\t\t\t<\/div>\n\t\t<\/div>\n\t\t\t\t\t<\/div>\n\t\t<\/section>\n\t\t\t\t<section class=\"elementor-section elementor-top-section elementor-element elementor-element-e163beb elementor-section-boxed elementor-section-height-default elementor-section-height-default\" data-id=\"e163beb\" data-element_type=\"section\" data-e-type=\"section\">\n\t\t\t\t\t\t<div class=\"elementor-container elementor-column-gap-default\">\n\t\t\t\t\t<div class=\"elementor-column elementor-col-100 elementor-top-column elementor-element elementor-element-3790b49\" data-id=\"3790b49\" data-element_type=\"column\" data-e-type=\"column\">\n\t\t\t<div class=\"elementor-widget-wrap elementor-element-populated\">\n\t\t\t\t\t\t<div class=\"elementor-element elementor-element-2a7c8df elementor-invisible elementor-widget elementor-widget-wpforms\" data-id=\"2a7c8df\" data-element_type=\"widget\" data-e-type=\"widget\" data-settings=\"{&quot;_animation&quot;:&quot;fadeInUp&quot;}\" data-widget_type=\"wpforms.default\">\n\t\t\t\t<div class=\"elementor-widget-container\">\n\t\t\t\t\t<div class=\"wpforms-container wpforms-container-full\" id=\"wpforms-1096\"><form id=\"wpforms-form-1096\" class=\"wpforms-validate wpforms-form\" data-formid=\"1096\" method=\"post\" enctype=\"multipart\/form-data\" action=\"\/index.php\/wp-json\/wp\/v2\/pages\/1251\" data-token=\"ed81dcdbff2cc24467e1394ef237a5f3\" data-token-time=\"1778684674\"><noscript class=\"wpforms-error-noscript\">Please enable JavaScript in your browser to complete this form.<\/noscript><div class=\"wpforms-field-container\"><div id=\"wpforms-1096-field_0-container\" class=\"wpforms-field wpforms-field-name\" data-field-id=\"0\"><label class=\"wpforms-field-label wpforms-label-hide\" for=\"wpforms-1096-field_0\">Your Full Name <span class=\"wpforms-required-label\">*<\/span><\/label><input type=\"text\" id=\"wpforms-1096-field_0\" class=\"wpforms-field-large wpforms-field-required\" name=\"wpforms[fields][0]\" placeholder=\"Your full name\" required><\/div><div id=\"wpforms-1096-field_1-container\" class=\"wpforms-field wpforms-field-email\" data-field-id=\"1\"><label class=\"wpforms-field-label wpforms-label-hide\" for=\"wpforms-1096-field_1\">Email <span class=\"wpforms-required-label\">*<\/span><\/label><input type=\"email\" id=\"wpforms-1096-field_1\" class=\"wpforms-field-large wpforms-field-required\" name=\"wpforms[fields][1]\" placeholder=\"Your email address\" spellcheck=\"false\" required><\/div><div id=\"wpforms-1096-field_2-container\" class=\"wpforms-field wpforms-field-textarea\" data-field-id=\"2\"><label class=\"wpforms-field-label wpforms-label-hide\" for=\"wpforms-1096-field_2\">Comment or Message <span class=\"wpforms-required-label\">*<\/span><\/label><textarea id=\"wpforms-1096-field_2\" class=\"wpforms-field-medium wpforms-field-required\" name=\"wpforms[fields][2]\" placeholder=\"Write your message here\" required><\/textarea><\/div><\/div><!-- .wpforms-field-container --><div class=\"wpforms-field wpforms-field-hp\"><label for=\"wpforms-1096-field-hp\" class=\"wpforms-field-label\">Message<\/label><input type=\"text\" name=\"wpforms[hp]\" id=\"wpforms-1096-field-hp\" class=\"wpforms-field-medium\"><\/div><div class=\"wpforms-submit-container\" ><input type=\"hidden\" name=\"wpforms[id]\" value=\"1096\"><input type=\"hidden\" name=\"page_title\" value=\"\"><input type=\"hidden\" name=\"page_url\" value=\"https:\/\/canhcamconsulting.com\/index.php\/wp-json\/wp\/v2\/pages\/1251\"><input type=\"hidden\" name=\"url_referer\" value=\"\"><button type=\"submit\" name=\"wpforms[submit]\" id=\"wpforms-submit-1096\" class=\"wpforms-submit\" data-alt-text=\"Sending...\" data-submit-text=\"Contact Us\" aria-live=\"assertive\" value=\"wpforms-submit\">Contact Us<\/button><\/div><\/form><\/div>  <!-- .wpforms-container -->\t\t\t\t<\/div>\n\t\t\t\t<\/div>\n\t\t\t\t\t<\/div>\n\t\t<\/div>\n\t\t\t\t\t<\/div>\n\t\t<\/section>\n\t\t\t\t<\/div>\n\t\t","protected":false},"excerpt":{"rendered":"<p>Chi\u1ebfn L\u01b0\u1ee3c Xu\u1ea5t S\u1eafc, Chi\u1ebfn Th\u1eafng N\u1eafm Ch\u1eafc C\u0169ng nh\u01b0 m\u1ed9t v\u00e1n c\u1edd, \u0111\u1ec3 gi\u00e0nh \u0111\u01b0\u1ee3c chi\u1ebfn th\u1eafng, c\u1ea7n c\u00f3 m\u1ed9t chi\u1ebfn l\u01b0\u1ee3c s\u00e2u s\u1eafc v\u00e0 th\u00edch nghi v\u1edbi m\u1ecdi t\u00ecnh hu\u1ed1ng. \u0110\u1ed9i ng\u0169 C\u00e1nh Cam Consulting v\u1edbi nh\u1eefng th\u00e0nh vi\u00ean gi\u00e0u kinh nghi\u1ec7m v\u1ec1 vi\u1ec7c nghi\u00ean c\u1ee9u, \u0111\u1ecbnh h\u01b0\u1edbng, gi\u1ea3i ph\u00e1p t\u1eeb t\u1ed5ng qu\u00e1t [&hellip;]<\/p>\n","protected":false},"author":1,"featured_media":0,"parent":0,"menu_order":0,"comment_status":"closed","ping_status":"closed","template":"elementor_theme","meta":{"om_disable_all_campaigns":false,"ocean_post_layout":"","ocean_both_sidebars_style":"","ocean_both_sidebars_content_width":0,"ocean_both_sidebars_sidebars_width":0,"ocean_sidebar":"0","ocean_second_sidebar":"0","ocean_disable_margins":"enable","ocean_add_body_class":"","ocean_shortcode_before_top_bar":"","ocean_shortcode_after_top_bar":"","ocean_shortcode_before_header":"","ocean_shortcode_after_header":"","ocean_has_shortcode":"","ocean_shortcode_after_title":"","ocean_shortcode_before_footer_widgets":"","ocean_shortcode_after_footer_widgets":"","ocean_shortcode_before_footer_bottom":"","ocean_shortcode_after_footer_bottom":"","ocean_display_top_bar":"default","ocean_display_header":"default","ocean_header_style":"","ocean_center_header_left_menu":"0","ocean_custom_header_template":"0","ocean_custom_logo":0,"ocean_custom_retina_logo":0,"ocean_custom_logo_max_width":0,"ocean_custom_logo_tablet_max_width":0,"ocean_custom_logo_mobile_max_width":0,"ocean_custom_logo_max_height":0,"ocean_custom_logo_tablet_max_height":0,"ocean_custom_logo_mobile_max_height":0,"ocean_header_custom_menu":"0","ocean_menu_typo_font_family":"0","ocean_menu_typo_font_subset":"","ocean_menu_typo_font_size":0,"ocean_menu_typo_font_size_tablet":0,"ocean_menu_typo_font_size_mobile":0,"ocean_menu_typo_font_size_unit":"px","ocean_menu_typo_font_weight":"","ocean_menu_typo_font_weight_tablet":"","ocean_menu_typo_font_weight_mobile":"","ocean_menu_typo_transform":"","ocean_menu_typo_transform_tablet":"","ocean_menu_typo_transform_mobile":"","ocean_menu_typo_line_height":0,"ocean_menu_typo_line_height_tablet":0,"ocean_menu_typo_line_height_mobile":0,"ocean_menu_typo_line_height_unit":"","ocean_menu_typo_spacing":0,"ocean_menu_typo_spacing_tablet":0,"ocean_menu_typo_spacing_mobile":0,"ocean_menu_typo_spacing_unit":"","ocean_menu_link_color":"","ocean_menu_link_color_hover":"","ocean_menu_link_color_active":"","ocean_menu_link_background":"","ocean_menu_link_hover_background":"","ocean_menu_link_active_background":"","ocean_menu_social_links_bg":"","ocean_menu_social_hover_links_bg":"","ocean_menu_social_links_color":"","ocean_menu_social_hover_links_color":"","ocean_disable_title":"default","ocean_disable_heading":"enable","ocean_post_title":"T\u01b0 V\u1ea5n Chi\u1ebfn L\u01b0\u1ee3c","ocean_post_subheading":"","ocean_post_title_style":"centered-minimal","ocean_post_title_background_color":"#ff8944","ocean_post_title_background":0,"ocean_post_title_bg_image_position":"","ocean_post_title_bg_image_attachment":"","ocean_post_title_bg_image_repeat":"","ocean_post_title_bg_image_size":"","ocean_post_title_height":0,"ocean_post_title_bg_overlay":0.5,"ocean_post_title_bg_overlay_color":"","ocean_disable_breadcrumbs":"off","ocean_breadcrumbs_color":"","ocean_breadcrumbs_separator_color":"","ocean_breadcrumbs_links_color":"","ocean_breadcrumbs_links_hover_color":"","ocean_display_footer_widgets":"default","ocean_display_footer_bottom":"default","ocean_custom_footer_template":"0","footnotes":""},"class_list":["post-1251","page","type-page","status-publish","hentry","entry"],"yoast_head":"<!-- This site is optimized with the Yoast SEO plugin v27.5 - https:\/\/yoast.com\/product\/yoast-seo-wordpress\/ -->\n<title>T\u01b0 V\u1ea5n Chi\u1ebfn L\u01b0\u1ee3c - Canh Cam Consulting Media And Event LLC<\/title>\n<meta name=\"robots\" content=\"index, follow, max-snippet:-1, max-image-preview:large, max-video-preview:-1\" \/>\n<link rel=\"canonical\" href=\"https:\/\/canhcamconsulting.com\/index.php\/strategy-consultation\/\" \/>\n<meta property=\"og:locale\" content=\"en_US\" \/>\n<meta property=\"og:type\" content=\"article\" \/>\n<meta property=\"og:title\" content=\"T\u01b0 V\u1ea5n Chi\u1ebfn L\u01b0\u1ee3c - Canh Cam Consulting Media And Event LLC\" \/>\n<meta property=\"og:description\" content=\"Chi\u1ebfn L\u01b0\u1ee3c Xu\u1ea5t S\u1eafc, Chi\u1ebfn Th\u1eafng N\u1eafm Ch\u1eafc C\u0169ng nh\u01b0 m\u1ed9t v\u00e1n c\u1edd, \u0111\u1ec3 gi\u00e0nh \u0111\u01b0\u1ee3c chi\u1ebfn th\u1eafng, c\u1ea7n c\u00f3 m\u1ed9t chi\u1ebfn l\u01b0\u1ee3c s\u00e2u s\u1eafc v\u00e0 th\u00edch nghi v\u1edbi m\u1ecdi t\u00ecnh hu\u1ed1ng. \u0110\u1ed9i ng\u0169 C\u00e1nh Cam Consulting v\u1edbi nh\u1eefng th\u00e0nh vi\u00ean gi\u00e0u kinh nghi\u1ec7m v\u1ec1 vi\u1ec7c nghi\u00ean c\u1ee9u, \u0111\u1ecbnh h\u01b0\u1edbng, gi\u1ea3i ph\u00e1p t\u1eeb t\u1ed5ng qu\u00e1t [&hellip;]\" \/>\n<meta property=\"og:url\" content=\"https:\/\/canhcamconsulting.com\/index.php\/strategy-consultation\/\" \/>\n<meta property=\"og:site_name\" content=\"Canh Cam Consulting Media And Event LLC\" \/>\n<meta property=\"article:modified_time\" content=\"2022-11-21T16:35:30+00:00\" \/>\n<meta property=\"og:image\" content=\"https:\/\/canhcamconsulting.com\/wp-content\/uploads\/elementor\/thumbs\/business-3639451-1-scaled-pxxbck4chz5ao30t6yaw726r8ishiqado1lnhylhno.jpg\" \/>\n<meta name=\"twitter:card\" content=\"summary_large_image\" \/>\n<meta name=\"twitter:label1\" content=\"Est. reading time\" \/>\n\t<meta name=\"twitter:data1\" content=\"2 minutes\" \/>\n<script type=\"application\/ld+json\" class=\"yoast-schema-graph\">{\"@context\":\"https:\\\/\\\/schema.org\",\"@graph\":[{\"@type\":\"WebPage\",\"@id\":\"https:\\\/\\\/canhcamconsulting.com\\\/index.php\\\/strategy-consultation\\\/\",\"url\":\"https:\\\/\\\/canhcamconsulting.com\\\/index.php\\\/strategy-consultation\\\/\",\"name\":\"T\u01b0 V\u1ea5n Chi\u1ebfn L\u01b0\u1ee3c - Canh Cam Consulting Media And Event LLC\",\"isPartOf\":{\"@id\":\"https:\\\/\\\/canhcamconsulting.com\\\/#website\"},\"primaryImageOfPage\":{\"@id\":\"https:\\\/\\\/canhcamconsulting.com\\\/index.php\\\/strategy-consultation\\\/#primaryimage\"},\"image\":{\"@id\":\"https:\\\/\\\/canhcamconsulting.com\\\/index.php\\\/strategy-consultation\\\/#primaryimage\"},\"thumbnailUrl\":\"https:\\\/\\\/canhcamconsulting.com\\\/wp-content\\\/uploads\\\/elementor\\\/thumbs\\\/business-3639451-1-scaled-pxxbck4chz5ao30t6yaw726r8ishiqado1lnhylhno.jpg\",\"datePublished\":\"2022-07-09T18:31:10+00:00\",\"dateModified\":\"2022-11-21T16:35:30+00:00\",\"breadcrumb\":{\"@id\":\"https:\\\/\\\/canhcamconsulting.com\\\/index.php\\\/strategy-consultation\\\/#breadcrumb\"},\"inLanguage\":\"en-US\",\"potentialAction\":[{\"@type\":\"ReadAction\",\"target\":[\"https:\\\/\\\/canhcamconsulting.com\\\/index.php\\\/strategy-consultation\\\/\"]}]},{\"@type\":\"ImageObject\",\"inLanguage\":\"en-US\",\"@id\":\"https:\\\/\\\/canhcamconsulting.com\\\/index.php\\\/strategy-consultation\\\/#primaryimage\",\"url\":\"https:\\\/\\\/canhcamconsulting.com\\\/wp-content\\\/uploads\\\/elementor\\\/thumbs\\\/business-3639451-1-scaled-pxxbck4chz5ao30t6yaw726r8ishiqado1lnhylhno.jpg\",\"contentUrl\":\"https:\\\/\\\/canhcamconsulting.com\\\/wp-content\\\/uploads\\\/elementor\\\/thumbs\\\/business-3639451-1-scaled-pxxbck4chz5ao30t6yaw726r8ishiqado1lnhylhno.jpg\"},{\"@type\":\"BreadcrumbList\",\"@id\":\"https:\\\/\\\/canhcamconsulting.com\\\/index.php\\\/strategy-consultation\\\/#breadcrumb\",\"itemListElement\":[{\"@type\":\"ListItem\",\"position\":1,\"name\":\"Home\",\"item\":\"https:\\\/\\\/canhcamconsulting.com\\\/\"},{\"@type\":\"ListItem\",\"position\":2,\"name\":\"T\u01b0 V\u1ea5n Chi\u1ebfn L\u01b0\u1ee3c\"}]},{\"@type\":\"WebSite\",\"@id\":\"https:\\\/\\\/canhcamconsulting.com\\\/#website\",\"url\":\"https:\\\/\\\/canhcamconsulting.com\\\/\",\"name\":\"Canh Cam Consulting Media And Event LLC\",\"description\":\"\",\"publisher\":{\"@id\":\"https:\\\/\\\/canhcamconsulting.com\\\/#organization\"},\"potentialAction\":[{\"@type\":\"SearchAction\",\"target\":{\"@type\":\"EntryPoint\",\"urlTemplate\":\"https:\\\/\\\/canhcamconsulting.com\\\/?s={search_term_string}\"},\"query-input\":{\"@type\":\"PropertyValueSpecification\",\"valueRequired\":true,\"valueName\":\"search_term_string\"}}],\"inLanguage\":\"en-US\"},{\"@type\":\"Organization\",\"@id\":\"https:\\\/\\\/canhcamconsulting.com\\\/#organization\",\"name\":\"Canh Cam Consulting Media And Event LLC\",\"url\":\"https:\\\/\\\/canhcamconsulting.com\\\/\",\"logo\":{\"@type\":\"ImageObject\",\"inLanguage\":\"en-US\",\"@id\":\"https:\\\/\\\/canhcamconsulting.com\\\/#\\\/schema\\\/logo\\\/image\\\/\",\"url\":\"https:\\\/\\\/canhcamconsulting.com\\\/wp-content\\\/uploads\\\/2023\\\/02\\\/Logo-Canh-Cam-Consulting-light.png\",\"contentUrl\":\"https:\\\/\\\/canhcamconsulting.com\\\/wp-content\\\/uploads\\\/2023\\\/02\\\/Logo-Canh-Cam-Consulting-light.png\",\"width\":5000,\"height\":5037,\"caption\":\"Canh Cam Consulting Media And Event LLC\"},\"image\":{\"@id\":\"https:\\\/\\\/canhcamconsulting.com\\\/#\\\/schema\\\/logo\\\/image\\\/\"}}]}<\/script>\n<!-- \/ Yoast SEO plugin. -->","yoast_head_json":{"title":"T\u01b0 V\u1ea5n Chi\u1ebfn L\u01b0\u1ee3c - Canh Cam Consulting Media And Event LLC","robots":{"index":"index","follow":"follow","max-snippet":"max-snippet:-1","max-image-preview":"max-image-preview:large","max-video-preview":"max-video-preview:-1"},"canonical":"https:\/\/canhcamconsulting.com\/index.php\/strategy-consultation\/","og_locale":"en_US","og_type":"article","og_title":"T\u01b0 V\u1ea5n Chi\u1ebfn L\u01b0\u1ee3c - Canh Cam Consulting Media And Event LLC","og_description":"Chi\u1ebfn L\u01b0\u1ee3c Xu\u1ea5t S\u1eafc, Chi\u1ebfn Th\u1eafng N\u1eafm Ch\u1eafc C\u0169ng nh\u01b0 m\u1ed9t v\u00e1n c\u1edd, \u0111\u1ec3 gi\u00e0nh \u0111\u01b0\u1ee3c chi\u1ebfn th\u1eafng, c\u1ea7n c\u00f3 m\u1ed9t chi\u1ebfn l\u01b0\u1ee3c s\u00e2u s\u1eafc v\u00e0 th\u00edch nghi v\u1edbi m\u1ecdi t\u00ecnh hu\u1ed1ng. \u0110\u1ed9i ng\u0169 C\u00e1nh Cam Consulting v\u1edbi nh\u1eefng th\u00e0nh vi\u00ean gi\u00e0u kinh nghi\u1ec7m v\u1ec1 vi\u1ec7c nghi\u00ean c\u1ee9u, \u0111\u1ecbnh h\u01b0\u1edbng, gi\u1ea3i ph\u00e1p t\u1eeb t\u1ed5ng qu\u00e1t [&hellip;]","og_url":"https:\/\/canhcamconsulting.com\/index.php\/strategy-consultation\/","og_site_name":"Canh Cam Consulting Media And Event LLC","article_modified_time":"2022-11-21T16:35:30+00:00","og_image":[{"url":"https:\/\/canhcamconsulting.com\/wp-content\/uploads\/elementor\/thumbs\/business-3639451-1-scaled-pxxbck4chz5ao30t6yaw726r8ishiqado1lnhylhno.jpg","type":"","width":"","height":""}],"twitter_card":"summary_large_image","twitter_misc":{"Est. reading time":"2 minutes"},"schema":{"@context":"https:\/\/schema.org","@graph":[{"@type":"WebPage","@id":"https:\/\/canhcamconsulting.com\/index.php\/strategy-consultation\/","url":"https:\/\/canhcamconsulting.com\/index.php\/strategy-consultation\/","name":"T\u01b0 V\u1ea5n Chi\u1ebfn L\u01b0\u1ee3c - Canh Cam Consulting Media And Event LLC","isPartOf":{"@id":"https:\/\/canhcamconsulting.com\/#website"},"primaryImageOfPage":{"@id":"https:\/\/canhcamconsulting.com\/index.php\/strategy-consultation\/#primaryimage"},"image":{"@id":"https:\/\/canhcamconsulting.com\/index.php\/strategy-consultation\/#primaryimage"},"thumbnailUrl":"https:\/\/canhcamconsulting.com\/wp-content\/uploads\/elementor\/thumbs\/business-3639451-1-scaled-pxxbck4chz5ao30t6yaw726r8ishiqado1lnhylhno.jpg","datePublished":"2022-07-09T18:31:10+00:00","dateModified":"2022-11-21T16:35:30+00:00","breadcrumb":{"@id":"https:\/\/canhcamconsulting.com\/index.php\/strategy-consultation\/#breadcrumb"},"inLanguage":"en-US","potentialAction":[{"@type":"ReadAction","target":["https:\/\/canhcamconsulting.com\/index.php\/strategy-consultation\/"]}]},{"@type":"ImageObject","inLanguage":"en-US","@id":"https:\/\/canhcamconsulting.com\/index.php\/strategy-consultation\/#primaryimage","url":"https:\/\/canhcamconsulting.com\/wp-content\/uploads\/elementor\/thumbs\/business-3639451-1-scaled-pxxbck4chz5ao30t6yaw726r8ishiqado1lnhylhno.jpg","contentUrl":"https:\/\/canhcamconsulting.com\/wp-content\/uploads\/elementor\/thumbs\/business-3639451-1-scaled-pxxbck4chz5ao30t6yaw726r8ishiqado1lnhylhno.jpg"},{"@type":"BreadcrumbList","@id":"https:\/\/canhcamconsulting.com\/index.php\/strategy-consultation\/#breadcrumb","itemListElement":[{"@type":"ListItem","position":1,"name":"Home","item":"https:\/\/canhcamconsulting.com\/"},{"@type":"ListItem","position":2,"name":"T\u01b0 V\u1ea5n Chi\u1ebfn L\u01b0\u1ee3c"}]},{"@type":"WebSite","@id":"https:\/\/canhcamconsulting.com\/#website","url":"https:\/\/canhcamconsulting.com\/","name":"Canh Cam Consulting Media And Event LLC","description":"","publisher":{"@id":"https:\/\/canhcamconsulting.com\/#organization"},"potentialAction":[{"@type":"SearchAction","target":{"@type":"EntryPoint","urlTemplate":"https:\/\/canhcamconsulting.com\/?s={search_term_string}"},"query-input":{"@type":"PropertyValueSpecification","valueRequired":true,"valueName":"search_term_string"}}],"inLanguage":"en-US"},{"@type":"Organization","@id":"https:\/\/canhcamconsulting.com\/#organization","name":"Canh Cam Consulting Media And Event LLC","url":"https:\/\/canhcamconsulting.com\/","logo":{"@type":"ImageObject","inLanguage":"en-US","@id":"https:\/\/canhcamconsulting.com\/#\/schema\/logo\/image\/","url":"https:\/\/canhcamconsulting.com\/wp-content\/uploads\/2023\/02\/Logo-Canh-Cam-Consulting-light.png","contentUrl":"https:\/\/canhcamconsulting.com\/wp-content\/uploads\/2023\/02\/Logo-Canh-Cam-Consulting-light.png","width":5000,"height":5037,"caption":"Canh Cam Consulting Media And Event LLC"},"image":{"@id":"https:\/\/canhcamconsulting.com\/#\/schema\/logo\/image\/"}}]}},"_links":{"self":[{"href":"https:\/\/canhcamconsulting.com\/index.php\/wp-json\/wp\/v2\/pages\/1251","targetHints":{"allow":["GET"]}}],"collection":[{"href":"https:\/\/canhcamconsulting.com\/index.php\/wp-json\/wp\/v2\/pages"}],"about":[{"href":"https:\/\/canhcamconsulting.com\/index.php\/wp-json\/wp\/v2\/types\/page"}],"author":[{"embeddable":true,"href":"https:\/\/canhcamconsulting.com\/index.php\/wp-json\/wp\/v2\/users\/1"}],"replies":[{"embeddable":true,"href":"https:\/\/canhcamconsulting.com\/index.php\/wp-json\/wp\/v2\/comments?post=1251"}],"version-history":[{"count":46,"href":"https:\/\/canhcamconsulting.com\/index.php\/wp-json\/wp\/v2\/pages\/1251\/revisions"}],"predecessor-version":[{"id":1493,"href":"https:\/\/canhcamconsulting.com\/index.php\/wp-json\/wp\/v2\/pages\/1251\/revisions\/1493"}],"wp:attachment":[{"href":"https:\/\/canhcamconsulting.com\/index.php\/wp-json\/wp\/v2\/media?parent=1251"}],"curies":[{"name":"wp","href":"https:\/\/api.w.org\/{rel}","templated":true}]}}