{"id":1272,"date":"2022-11-13T14:57:52","date_gmt":"2022-11-13T14:57:52","guid":{"rendered":"https:\/\/canhcamconsulting.com\/?page_id=1272"},"modified":"2022-11-21T16:40:19","modified_gmt":"2022-11-21T16:40:19","slug":"teambuilding","status":"publish","type":"page","link":"https:\/\/canhcamconsulting.com\/index.php\/teambuilding\/","title":{"rendered":"X\u00e2y D\u1ef1ng \u0110\u1ed9i Nh\u00f3m"},"content":{"rendered":"\t\t<div data-elementor-type=\"wp-page\" data-elementor-id=\"1272\" class=\"elementor elementor-1272\">\n\t\t\t\t\t\t<section class=\"elementor-section elementor-top-section elementor-element elementor-element-c4c132f elementor-section-boxed elementor-section-height-default elementor-section-height-default\" data-id=\"c4c132f\" data-element_type=\"section\" data-e-type=\"section\">\n\t\t\t\t\t\t<div class=\"elementor-container elementor-column-gap-default\">\n\t\t\t\t\t<div class=\"elementor-column elementor-col-33 elementor-top-column elementor-element elementor-element-e5eacf6\" data-id=\"e5eacf6\" data-element_type=\"column\" data-e-type=\"column\">\n\t\t\t<div class=\"elementor-widget-wrap elementor-element-populated\">\n\t\t\t\t\t\t<div class=\"elementor-element elementor-element-40be423 elementor-invisible elementor-widget elementor-widget-heading\" data-id=\"40be423\" data-element_type=\"widget\" data-e-type=\"widget\" data-settings=\"{&quot;_animation&quot;:&quot;fadeInLeft&quot;}\" data-widget_type=\"heading.default\">\n\t\t\t\t<div class=\"elementor-widget-container\">\n\t\t\t\t\t<h1 class=\"elementor-heading-title elementor-size-large\">X\u00e2y \u0110\u1ed9i Nh\u00f3m<br>D\u1ef1ng Th\u00e0nh C\u00f4ng<\/h1>\t\t\t\t<\/div>\n\t\t\t\t<\/div>\n\t\t\t\t<div class=\"elementor-element elementor-element-7aae122 elementor-invisible elementor-widget elementor-widget-text-editor\" data-id=\"7aae122\" data-element_type=\"widget\" data-e-type=\"widget\" data-settings=\"{&quot;_animation&quot;:&quot;fadeInLeft&quot;}\" data-widget_type=\"text-editor.default\">\n\t\t\t\t<div class=\"elementor-widget-container\">\n\t\t\t\t\t\t\t\t\t<h3 style=\"font-size: 1.2em; margin-top: 20px;\"><span style=\"font-family: Arial, Helvetica, sans-serif;\"><em><span style=\"font-size: 14pt;\">S\u1eed d\u1ee5ng k\u1ecbch b\u1ea3n th\u1eed th\u00e1ch d\u00e0nh ri\u00eang cho \u0111\u1ed9i nh\u00f3m ph\u1ed1i h\u1ee3p h\u00e0i h\u00f2a v\u1edbi ch\u01b0\u01a1ng tr\u00ecnh tour du l\u1ecbch \u0111\u01b0\u1ee3c thi\u1ebft k\u1ebf b\u1edfi \u0111\u1ed9i ng\u0169 C\u00e1nh Cam n\u0103ng \u0111\u1ed9ng v\u00e0 s\u00e1ng t\u1ea1o, t\u1eebng ho\u1ea1t \u0111\u1ed9ng \u0111\u1ec1u bao g\u1ed3m s\u1ef1 g\u00f3p s\u1ee9c, \u00fd t\u01b0\u1edfng v\u00e0 s\u1ef1 tin t\u01b0\u1edfng \u0111\u1ebfn t\u1eeb t\u1ea5t c\u1ea3 th\u00e0nh vi\u00ean c\u1ee7a \u0111\u1ed9i nh\u00f3m c\u1ee7a qu\u00fd kh\u00e1ch h\u00e0ng v\u00e0 qu\u00fd doanh nghi\u1ec7p nh\u1eb1m t\u0103ng c\u01b0\u1eddng tinh th\u1ea7n \u0111\u1ed3ng \u0111\u1ed9i, t\u00ednh h\u1ee3p t\u00e1c v\u00e0 s\u1ef1 tin t\u01b0\u1edfng \u0111\u1ec3 g\u1eafn ch\u1eb7t c\u00e1c \u0111\u1ed9i nh\u00f3m, \u0111em l\u1ea1i hi\u1ec7u qu\u1ea3 c\u0169ng nh\u01b0 n\u0103ng su\u1ea5t c\u00f4ng vi\u1ec7c cao h\u01a1n.<\/span><\/em><\/span><\/h3>\t\t\t\t\t\t\t\t<\/div>\n\t\t\t\t<\/div>\n\t\t\t\t\t<\/div>\n\t\t<\/div>\n\t\t\t\t<div class=\"elementor-column elementor-col-66 elementor-top-column elementor-element elementor-element-d0ae8de\" data-id=\"d0ae8de\" data-element_type=\"column\" data-e-type=\"column\">\n\t\t\t<div class=\"elementor-widget-wrap elementor-element-populated\">\n\t\t\t\t\t\t<div class=\"elementor-element elementor-element-3204459 elementor-widget elementor-widget-spacer\" data-id=\"3204459\" data-element_type=\"widget\" data-e-type=\"widget\" data-widget_type=\"spacer.default\">\n\t\t\t\t<div class=\"elementor-widget-container\">\n\t\t\t\t\t\t\t<div class=\"elementor-spacer\">\n\t\t\t<div class=\"elementor-spacer-inner\"><\/div>\n\t\t<\/div>\n\t\t\t\t\t\t<\/div>\n\t\t\t\t<\/div>\n\t\t\t\t<div class=\"elementor-element elementor-element-f02455d elementor-invisible elementor-widget elementor-widget-image\" data-id=\"f02455d\" data-element_type=\"widget\" data-e-type=\"widget\" data-settings=\"{&quot;_animation&quot;:&quot;fadeInRight&quot;}\" data-widget_type=\"image.default\">\n\t\t\t\t<div class=\"elementor-widget-container\">\n\t\t\t\t\t\t\t\t\t\t\t\t\t\t\t<img fetchpriority=\"high\" decoding=\"async\" width=\"1536\" height=\"864\" src=\"https:\/\/canhcamconsulting.com\/wp-content\/uploads\/2022\/11\/team-1381084-1536x864.jpg\" class=\"attachment-1536x1536 size-1536x1536 wp-image-1338\" alt=\"\" srcset=\"https:\/\/canhcamconsulting.com\/wp-content\/uploads\/2022\/11\/team-1381084-1536x864.jpg 1536w, https:\/\/canhcamconsulting.com\/wp-content\/uploads\/2022\/11\/team-1381084-300x169.jpg 300w, https:\/\/canhcamconsulting.com\/wp-content\/uploads\/2022\/11\/team-1381084-1024x576.jpg 1024w, https:\/\/canhcamconsulting.com\/wp-content\/uploads\/2022\/11\/team-1381084-768x432.jpg 768w, https:\/\/canhcamconsulting.com\/wp-content\/uploads\/2022\/11\/team-1381084-2048x1152.jpg 2048w, https:\/\/canhcamconsulting.com\/wp-content\/uploads\/2022\/11\/team-1381084-18x10.jpg 18w, https:\/\/canhcamconsulting.com\/wp-content\/uploads\/2022\/11\/team-1381084-800x450.jpg 800w\" sizes=\"(max-width: 1536px) 100vw, 1536px\" \/>\t\t\t\t\t\t\t\t\t\t\t\t\t\t\t<\/div>\n\t\t\t\t<\/div>\n\t\t\t\t\t<\/div>\n\t\t<\/div>\n\t\t\t\t\t<\/div>\n\t\t<\/section>\n\t\t\t\t<section class=\"elementor-section elementor-top-section elementor-element elementor-element-4b69108 elementor-section-boxed elementor-section-height-default elementor-section-height-default\" data-id=\"4b69108\" data-element_type=\"section\" data-e-type=\"section\">\n\t\t\t\t\t\t<div class=\"elementor-container elementor-column-gap-default\">\n\t\t\t\t\t<div class=\"elementor-column elementor-col-100 elementor-top-column elementor-element elementor-element-a71818c\" data-id=\"a71818c\" data-element_type=\"column\" data-e-type=\"column\">\n\t\t\t<div class=\"elementor-widget-wrap elementor-element-populated\">\n\t\t\t\t\t\t<div class=\"elementor-element elementor-element-b1aa6cf elementor-invisible elementor-widget elementor-widget-heading\" data-id=\"b1aa6cf\" data-element_type=\"widget\" data-e-type=\"widget\" data-settings=\"{&quot;_animation&quot;:&quot;fadeInUp&quot;}\" data-widget_type=\"heading.default\">\n\t\t\t\t<div class=\"elementor-widget-container\">\n\t\t\t\t\t<h1 class=\"elementor-heading-title elementor-size-large\">C\u00f9ng CCC X\u00e2y D\u1ef1ng \u0110\u1ed9i Ng\u0169 V\u1eefng Ch\u1eafc!<\/h1>\t\t\t\t<\/div>\n\t\t\t\t<\/div>\n\t\t\t\t<div class=\"elementor-element elementor-element-8589a1e elementor-align-center elementor-invisible elementor-widget elementor-widget-button\" data-id=\"8589a1e\" data-element_type=\"widget\" data-e-type=\"widget\" data-settings=\"{&quot;_animation&quot;:&quot;fadeInUp&quot;}\" data-widget_type=\"button.default\">\n\t\t\t\t<div class=\"elementor-widget-container\">\n\t\t\t\t\t\t\t\t\t<div class=\"elementor-button-wrapper\">\n\t\t\t\t\t<a class=\"elementor-button elementor-button-link elementor-size-xl elementor-animation-grow\" href=\"https:\/\/canhcamconsulting.com\/index.php\/contact\/\">\n\t\t\t\t\t\t<span class=\"elementor-button-content-wrapper\">\n\t\t\t\t\t\t\t\t\t<span class=\"elementor-button-text\">Li\u00ean H\u1ec7 Ch\u00fang T\u00f4i<\/span>\n\t\t\t\t\t<\/span>\n\t\t\t\t\t<\/a>\n\t\t\t\t<\/div>\n\t\t\t\t\t\t\t\t<\/div>\n\t\t\t\t<\/div>\n\t\t\t\t\t<\/div>\n\t\t<\/div>\n\t\t\t\t\t<\/div>\n\t\t<\/section>\n\t\t\t\t<section class=\"elementor-section elementor-top-section elementor-element elementor-element-e163beb elementor-section-boxed elementor-section-height-default elementor-section-height-default\" data-id=\"e163beb\" data-element_type=\"section\" data-e-type=\"section\">\n\t\t\t\t\t\t<div class=\"elementor-container elementor-column-gap-default\">\n\t\t\t\t\t<div class=\"elementor-column elementor-col-100 elementor-top-column elementor-element elementor-element-3790b49\" data-id=\"3790b49\" data-element_type=\"column\" data-e-type=\"column\">\n\t\t\t<div class=\"elementor-widget-wrap elementor-element-populated\">\n\t\t\t\t\t\t<div class=\"elementor-element elementor-element-2a7c8df elementor-invisible elementor-widget elementor-widget-wpforms\" data-id=\"2a7c8df\" data-element_type=\"widget\" data-e-type=\"widget\" data-settings=\"{&quot;_animation&quot;:&quot;fadeInUp&quot;}\" data-widget_type=\"wpforms.default\">\n\t\t\t\t<div class=\"elementor-widget-container\">\n\t\t\t\t\t<div class=\"wpforms-container wpforms-container-full\" id=\"wpforms-1096\"><form id=\"wpforms-form-1096\" class=\"wpforms-validate wpforms-form\" data-formid=\"1096\" method=\"post\" enctype=\"multipart\/form-data\" action=\"\/index.php\/wp-json\/wp\/v2\/pages\/1272\" data-token=\"ed81dcdbff2cc24467e1394ef237a5f3\" data-token-time=\"1778681561\"><noscript class=\"wpforms-error-noscript\">Please enable JavaScript in your browser to complete this form.<\/noscript><div class=\"wpforms-field-container\"><div id=\"wpforms-1096-field_0-container\" class=\"wpforms-field wpforms-field-name\" data-field-id=\"0\"><label class=\"wpforms-field-label wpforms-label-hide\" for=\"wpforms-1096-field_0\">Your Full Name <span class=\"wpforms-required-label\">*<\/span><\/label><input type=\"text\" id=\"wpforms-1096-field_0\" class=\"wpforms-field-large wpforms-field-required\" name=\"wpforms[fields][0]\" placeholder=\"Your full name\" required><\/div><div id=\"wpforms-1096-field_1-container\" class=\"wpforms-field wpforms-field-email\" data-field-id=\"1\"><label class=\"wpforms-field-label wpforms-label-hide\" for=\"wpforms-1096-field_1\">Email <span class=\"wpforms-required-label\">*<\/span><\/label><input type=\"email\" id=\"wpforms-1096-field_1\" class=\"wpforms-field-large wpforms-field-required\" name=\"wpforms[fields][1]\" placeholder=\"Your email address\" spellcheck=\"false\" required><\/div><div id=\"wpforms-1096-field_2-container\" class=\"wpforms-field wpforms-field-textarea\" data-field-id=\"2\"><label class=\"wpforms-field-label wpforms-label-hide\" for=\"wpforms-1096-field_2\">Comment or Message <span class=\"wpforms-required-label\">*<\/span><\/label><textarea id=\"wpforms-1096-field_2\" class=\"wpforms-field-medium wpforms-field-required\" name=\"wpforms[fields][2]\" placeholder=\"Write your message here\" required><\/textarea><\/div><\/div><!-- .wpforms-field-container --><div class=\"wpforms-field wpforms-field-hp\"><label for=\"wpforms-1096-field-hp\" class=\"wpforms-field-label\">Name<\/label><input type=\"text\" name=\"wpforms[hp]\" id=\"wpforms-1096-field-hp\" class=\"wpforms-field-medium\"><\/div><div class=\"wpforms-submit-container\" ><input type=\"hidden\" name=\"wpforms[id]\" value=\"1096\"><input type=\"hidden\" name=\"page_title\" value=\"\"><input type=\"hidden\" name=\"page_url\" value=\"https:\/\/canhcamconsulting.com\/index.php\/wp-json\/wp\/v2\/pages\/1272\"><input type=\"hidden\" name=\"url_referer\" value=\"\"><button type=\"submit\" name=\"wpforms[submit]\" id=\"wpforms-submit-1096\" class=\"wpforms-submit\" data-alt-text=\"Sending...\" data-submit-text=\"Contact Us\" aria-live=\"assertive\" value=\"wpforms-submit\">Contact Us<\/button><\/div><\/form><\/div>  <!-- .wpforms-container -->\t\t\t\t<\/div>\n\t\t\t\t<\/div>\n\t\t\t\t\t<\/div>\n\t\t<\/div>\n\t\t\t\t\t<\/div>\n\t\t<\/section>\n\t\t\t\t<\/div>\n\t\t","protected":false},"excerpt":{"rendered":"<p>X\u00e2y \u0110\u1ed9i Nh\u00f3mD\u1ef1ng Th\u00e0nh C\u00f4ng S\u1eed d\u1ee5ng k\u1ecbch b\u1ea3n th\u1eed th\u00e1ch d\u00e0nh ri\u00eang cho \u0111\u1ed9i nh\u00f3m ph\u1ed1i h\u1ee3p h\u00e0i h\u00f2a v\u1edbi ch\u01b0\u01a1ng tr\u00ecnh tour du l\u1ecbch \u0111\u01b0\u1ee3c thi\u1ebft k\u1ebf b\u1edfi \u0111\u1ed9i ng\u0169 C\u00e1nh Cam n\u0103ng \u0111\u1ed9ng v\u00e0 s\u00e1ng t\u1ea1o, t\u1eebng ho\u1ea1t \u0111\u1ed9ng \u0111\u1ec1u bao g\u1ed3m s\u1ef1 g\u00f3p s\u1ee9c, \u00fd t\u01b0\u1edfng v\u00e0 s\u1ef1 tin t\u01b0\u1edfng \u0111\u1ebfn [&hellip;]<\/p>\n","protected":false},"author":1,"featured_media":0,"parent":0,"menu_order":0,"comment_status":"closed","ping_status":"closed","template":"elementor_theme","meta":{"om_disable_all_campaigns":false,"ocean_post_layout":"","ocean_both_sidebars_style":"","ocean_both_sidebars_content_width":0,"ocean_both_sidebars_sidebars_width":0,"ocean_sidebar":"0","ocean_second_sidebar":"0","ocean_disable_margins":"enable","ocean_add_body_class":"","ocean_shortcode_before_top_bar":"","ocean_shortcode_after_top_bar":"","ocean_shortcode_before_header":"","ocean_shortcode_after_header":"","ocean_has_shortcode":"","ocean_shortcode_after_title":"","ocean_shortcode_before_footer_widgets":"","ocean_shortcode_after_footer_widgets":"","ocean_shortcode_before_footer_bottom":"","ocean_shortcode_after_footer_bottom":"","ocean_display_top_bar":"default","ocean_display_header":"default","ocean_header_style":"","ocean_center_header_left_menu":"0","ocean_custom_header_template":"0","ocean_custom_logo":0,"ocean_custom_retina_logo":0,"ocean_custom_logo_max_width":0,"ocean_custom_logo_tablet_max_width":0,"ocean_custom_logo_mobile_max_width":0,"ocean_custom_logo_max_height":0,"ocean_custom_logo_tablet_max_height":0,"ocean_custom_logo_mobile_max_height":0,"ocean_header_custom_menu":"0","ocean_menu_typo_font_family":"0","ocean_menu_typo_font_subset":"","ocean_menu_typo_font_size":0,"ocean_menu_typo_font_size_tablet":0,"ocean_menu_typo_font_size_mobile":0,"ocean_menu_typo_font_size_unit":"px","ocean_menu_typo_font_weight":"","ocean_menu_typo_font_weight_tablet":"","ocean_menu_typo_font_weight_mobile":"","ocean_menu_typo_transform":"","ocean_menu_typo_transform_tablet":"","ocean_menu_typo_transform_mobile":"","ocean_menu_typo_line_height":0,"ocean_menu_typo_line_height_tablet":0,"ocean_menu_typo_line_height_mobile":0,"ocean_menu_typo_line_height_unit":"","ocean_menu_typo_spacing":0,"ocean_menu_typo_spacing_tablet":0,"ocean_menu_typo_spacing_mobile":0,"ocean_menu_typo_spacing_unit":"","ocean_menu_link_color":"","ocean_menu_link_color_hover":"","ocean_menu_link_color_active":"","ocean_menu_link_background":"","ocean_menu_link_hover_background":"","ocean_menu_link_active_background":"","ocean_menu_social_links_bg":"","ocean_menu_social_hover_links_bg":"","ocean_menu_social_links_color":"","ocean_menu_social_hover_links_color":"","ocean_disable_title":"default","ocean_disable_heading":"enable","ocean_post_title":"X\u00e2y D\u1ef1ng \u0110\u1ed9i Nh\u00f3m (Teambuilding)","ocean_post_subheading":"","ocean_post_title_style":"centered-minimal","ocean_post_title_background_color":"#ff8944","ocean_post_title_background":0,"ocean_post_title_bg_image_position":"","ocean_post_title_bg_image_attachment":"","ocean_post_title_bg_image_repeat":"","ocean_post_title_bg_image_size":"","ocean_post_title_height":0,"ocean_post_title_bg_overlay":0.5,"ocean_post_title_bg_overlay_color":"","ocean_disable_breadcrumbs":"off","ocean_breadcrumbs_color":"","ocean_breadcrumbs_separator_color":"","ocean_breadcrumbs_links_color":"","ocean_breadcrumbs_links_hover_color":"","ocean_display_footer_widgets":"default","ocean_display_footer_bottom":"default","ocean_custom_footer_template":"0","footnotes":""},"class_list":["post-1272","page","type-page","status-publish","hentry","entry"],"yoast_head":"<!-- This site is optimized with the Yoast SEO plugin v27.5 - https:\/\/yoast.com\/product\/yoast-seo-wordpress\/ -->\n<title>X\u00e2y D\u1ef1ng \u0110\u1ed9i Nh\u00f3m - Canh Cam Consulting Media And Event LLC<\/title>\n<meta name=\"robots\" content=\"index, follow, max-snippet:-1, max-image-preview:large, max-video-preview:-1\" \/>\n<link rel=\"canonical\" href=\"https:\/\/canhcamconsulting.com\/index.php\/teambuilding\/\" \/>\n<meta property=\"og:locale\" content=\"en_US\" \/>\n<meta property=\"og:type\" content=\"article\" \/>\n<meta property=\"og:title\" content=\"X\u00e2y D\u1ef1ng \u0110\u1ed9i Nh\u00f3m - Canh Cam Consulting Media And Event LLC\" \/>\n<meta property=\"og:description\" content=\"X\u00e2y \u0110\u1ed9i Nh\u00f3mD\u1ef1ng Th\u00e0nh C\u00f4ng S\u1eed d\u1ee5ng k\u1ecbch b\u1ea3n th\u1eed th\u00e1ch d\u00e0nh ri\u00eang cho \u0111\u1ed9i nh\u00f3m ph\u1ed1i h\u1ee3p h\u00e0i h\u00f2a v\u1edbi ch\u01b0\u01a1ng tr\u00ecnh tour du l\u1ecbch \u0111\u01b0\u1ee3c thi\u1ebft k\u1ebf b\u1edfi \u0111\u1ed9i ng\u0169 C\u00e1nh Cam n\u0103ng \u0111\u1ed9ng v\u00e0 s\u00e1ng t\u1ea1o, t\u1eebng ho\u1ea1t \u0111\u1ed9ng \u0111\u1ec1u bao g\u1ed3m s\u1ef1 g\u00f3p s\u1ee9c, \u00fd t\u01b0\u1edfng v\u00e0 s\u1ef1 tin t\u01b0\u1edfng \u0111\u1ebfn [&hellip;]\" \/>\n<meta property=\"og:url\" content=\"https:\/\/canhcamconsulting.com\/index.php\/teambuilding\/\" \/>\n<meta property=\"og:site_name\" content=\"Canh Cam Consulting Media And Event LLC\" \/>\n<meta property=\"article:modified_time\" content=\"2022-11-21T16:40:19+00:00\" \/>\n<meta property=\"og:image\" content=\"https:\/\/canhcamconsulting.com\/wp-content\/uploads\/2022\/11\/team-1381084-1536x864.jpg\" \/>\n<meta name=\"twitter:card\" content=\"summary_large_image\" \/>\n<meta name=\"twitter:label1\" content=\"Est. reading time\" \/>\n\t<meta name=\"twitter:data1\" content=\"1 minute\" \/>\n<script type=\"application\/ld+json\" class=\"yoast-schema-graph\">{\"@context\":\"https:\\\/\\\/schema.org\",\"@graph\":[{\"@type\":\"WebPage\",\"@id\":\"https:\\\/\\\/canhcamconsulting.com\\\/index.php\\\/teambuilding\\\/\",\"url\":\"https:\\\/\\\/canhcamconsulting.com\\\/index.php\\\/teambuilding\\\/\",\"name\":\"X\u00e2y D\u1ef1ng \u0110\u1ed9i Nh\u00f3m - Canh Cam Consulting Media And Event LLC\",\"isPartOf\":{\"@id\":\"https:\\\/\\\/canhcamconsulting.com\\\/#website\"},\"primaryImageOfPage\":{\"@id\":\"https:\\\/\\\/canhcamconsulting.com\\\/index.php\\\/teambuilding\\\/#primaryimage\"},\"image\":{\"@id\":\"https:\\\/\\\/canhcamconsulting.com\\\/index.php\\\/teambuilding\\\/#primaryimage\"},\"thumbnailUrl\":\"https:\\\/\\\/canhcamconsulting.com\\\/wp-content\\\/uploads\\\/2022\\\/11\\\/team-1381084-1536x864.jpg\",\"datePublished\":\"2022-11-13T14:57:52+00:00\",\"dateModified\":\"2022-11-21T16:40:19+00:00\",\"breadcrumb\":{\"@id\":\"https:\\\/\\\/canhcamconsulting.com\\\/index.php\\\/teambuilding\\\/#breadcrumb\"},\"inLanguage\":\"en-US\",\"potentialAction\":[{\"@type\":\"ReadAction\",\"target\":[\"https:\\\/\\\/canhcamconsulting.com\\\/index.php\\\/teambuilding\\\/\"]}]},{\"@type\":\"ImageObject\",\"inLanguage\":\"en-US\",\"@id\":\"https:\\\/\\\/canhcamconsulting.com\\\/index.php\\\/teambuilding\\\/#primaryimage\",\"url\":\"https:\\\/\\\/canhcamconsulting.com\\\/wp-content\\\/uploads\\\/2022\\\/11\\\/team-1381084-scaled.jpg\",\"contentUrl\":\"https:\\\/\\\/canhcamconsulting.com\\\/wp-content\\\/uploads\\\/2022\\\/11\\\/team-1381084-scaled.jpg\",\"width\":2560,\"height\":1440},{\"@type\":\"BreadcrumbList\",\"@id\":\"https:\\\/\\\/canhcamconsulting.com\\\/index.php\\\/teambuilding\\\/#breadcrumb\",\"itemListElement\":[{\"@type\":\"ListItem\",\"position\":1,\"name\":\"Home\",\"item\":\"https:\\\/\\\/canhcamconsulting.com\\\/\"},{\"@type\":\"ListItem\",\"position\":2,\"name\":\"X\u00e2y D\u1ef1ng \u0110\u1ed9i Nh\u00f3m\"}]},{\"@type\":\"WebSite\",\"@id\":\"https:\\\/\\\/canhcamconsulting.com\\\/#website\",\"url\":\"https:\\\/\\\/canhcamconsulting.com\\\/\",\"name\":\"Canh Cam Consulting Media And Event LLC\",\"description\":\"\",\"publisher\":{\"@id\":\"https:\\\/\\\/canhcamconsulting.com\\\/#organization\"},\"potentialAction\":[{\"@type\":\"SearchAction\",\"target\":{\"@type\":\"EntryPoint\",\"urlTemplate\":\"https:\\\/\\\/canhcamconsulting.com\\\/?s={search_term_string}\"},\"query-input\":{\"@type\":\"PropertyValueSpecification\",\"valueRequired\":true,\"valueName\":\"search_term_string\"}}],\"inLanguage\":\"en-US\"},{\"@type\":\"Organization\",\"@id\":\"https:\\\/\\\/canhcamconsulting.com\\\/#organization\",\"name\":\"Canh Cam Consulting Media And Event LLC\",\"url\":\"https:\\\/\\\/canhcamconsulting.com\\\/\",\"logo\":{\"@type\":\"ImageObject\",\"inLanguage\":\"en-US\",\"@id\":\"https:\\\/\\\/canhcamconsulting.com\\\/#\\\/schema\\\/logo\\\/image\\\/\",\"url\":\"https:\\\/\\\/canhcamconsulting.com\\\/wp-content\\\/uploads\\\/2023\\\/02\\\/Logo-Canh-Cam-Consulting-light.png\",\"contentUrl\":\"https:\\\/\\\/canhcamconsulting.com\\\/wp-content\\\/uploads\\\/2023\\\/02\\\/Logo-Canh-Cam-Consulting-light.png\",\"width\":5000,\"height\":5037,\"caption\":\"Canh Cam Consulting Media And Event LLC\"},\"image\":{\"@id\":\"https:\\\/\\\/canhcamconsulting.com\\\/#\\\/schema\\\/logo\\\/image\\\/\"}}]}<\/script>\n<!-- \/ Yoast SEO plugin. -->","yoast_head_json":{"title":"X\u00e2y D\u1ef1ng \u0110\u1ed9i Nh\u00f3m - Canh Cam Consulting Media And Event LLC","robots":{"index":"index","follow":"follow","max-snippet":"max-snippet:-1","max-image-preview":"max-image-preview:large","max-video-preview":"max-video-preview:-1"},"canonical":"https:\/\/canhcamconsulting.com\/index.php\/teambuilding\/","og_locale":"en_US","og_type":"article","og_title":"X\u00e2y D\u1ef1ng \u0110\u1ed9i Nh\u00f3m - Canh Cam Consulting Media And Event LLC","og_description":"X\u00e2y \u0110\u1ed9i Nh\u00f3mD\u1ef1ng Th\u00e0nh C\u00f4ng S\u1eed d\u1ee5ng k\u1ecbch b\u1ea3n th\u1eed th\u00e1ch d\u00e0nh ri\u00eang cho \u0111\u1ed9i nh\u00f3m ph\u1ed1i h\u1ee3p h\u00e0i h\u00f2a v\u1edbi ch\u01b0\u01a1ng tr\u00ecnh tour du l\u1ecbch \u0111\u01b0\u1ee3c thi\u1ebft k\u1ebf b\u1edfi \u0111\u1ed9i ng\u0169 C\u00e1nh Cam n\u0103ng \u0111\u1ed9ng v\u00e0 s\u00e1ng t\u1ea1o, t\u1eebng ho\u1ea1t \u0111\u1ed9ng \u0111\u1ec1u bao g\u1ed3m s\u1ef1 g\u00f3p s\u1ee9c, \u00fd t\u01b0\u1edfng v\u00e0 s\u1ef1 tin t\u01b0\u1edfng \u0111\u1ebfn [&hellip;]","og_url":"https:\/\/canhcamconsulting.com\/index.php\/teambuilding\/","og_site_name":"Canh Cam Consulting Media And Event LLC","article_modified_time":"2022-11-21T16:40:19+00:00","og_image":[{"url":"https:\/\/canhcamconsulting.com\/wp-content\/uploads\/2022\/11\/team-1381084-1536x864.jpg","type":"","width":"","height":""}],"twitter_card":"summary_large_image","twitter_misc":{"Est. reading time":"1 minute"},"schema":{"@context":"https:\/\/schema.org","@graph":[{"@type":"WebPage","@id":"https:\/\/canhcamconsulting.com\/index.php\/teambuilding\/","url":"https:\/\/canhcamconsulting.com\/index.php\/teambuilding\/","name":"X\u00e2y D\u1ef1ng \u0110\u1ed9i Nh\u00f3m - Canh Cam Consulting Media And Event LLC","isPartOf":{"@id":"https:\/\/canhcamconsulting.com\/#website"},"primaryImageOfPage":{"@id":"https:\/\/canhcamconsulting.com\/index.php\/teambuilding\/#primaryimage"},"image":{"@id":"https:\/\/canhcamconsulting.com\/index.php\/teambuilding\/#primaryimage"},"thumbnailUrl":"https:\/\/canhcamconsulting.com\/wp-content\/uploads\/2022\/11\/team-1381084-1536x864.jpg","datePublished":"2022-11-13T14:57:52+00:00","dateModified":"2022-11-21T16:40:19+00:00","breadcrumb":{"@id":"https:\/\/canhcamconsulting.com\/index.php\/teambuilding\/#breadcrumb"},"inLanguage":"en-US","potentialAction":[{"@type":"ReadAction","target":["https:\/\/canhcamconsulting.com\/index.php\/teambuilding\/"]}]},{"@type":"ImageObject","inLanguage":"en-US","@id":"https:\/\/canhcamconsulting.com\/index.php\/teambuilding\/#primaryimage","url":"https:\/\/canhcamconsulting.com\/wp-content\/uploads\/2022\/11\/team-1381084-scaled.jpg","contentUrl":"https:\/\/canhcamconsulting.com\/wp-content\/uploads\/2022\/11\/team-1381084-scaled.jpg","width":2560,"height":1440},{"@type":"BreadcrumbList","@id":"https:\/\/canhcamconsulting.com\/index.php\/teambuilding\/#breadcrumb","itemListElement":[{"@type":"ListItem","position":1,"name":"Home","item":"https:\/\/canhcamconsulting.com\/"},{"@type":"ListItem","position":2,"name":"X\u00e2y D\u1ef1ng \u0110\u1ed9i Nh\u00f3m"}]},{"@type":"WebSite","@id":"https:\/\/canhcamconsulting.com\/#website","url":"https:\/\/canhcamconsulting.com\/","name":"Canh Cam Consulting Media And Event LLC","description":"","publisher":{"@id":"https:\/\/canhcamconsulting.com\/#organization"},"potentialAction":[{"@type":"SearchAction","target":{"@type":"EntryPoint","urlTemplate":"https:\/\/canhcamconsulting.com\/?s={search_term_string}"},"query-input":{"@type":"PropertyValueSpecification","valueRequired":true,"valueName":"search_term_string"}}],"inLanguage":"en-US"},{"@type":"Organization","@id":"https:\/\/canhcamconsulting.com\/#organization","name":"Canh Cam Consulting Media And Event LLC","url":"https:\/\/canhcamconsulting.com\/","logo":{"@type":"ImageObject","inLanguage":"en-US","@id":"https:\/\/canhcamconsulting.com\/#\/schema\/logo\/image\/","url":"https:\/\/canhcamconsulting.com\/wp-content\/uploads\/2023\/02\/Logo-Canh-Cam-Consulting-light.png","contentUrl":"https:\/\/canhcamconsulting.com\/wp-content\/uploads\/2023\/02\/Logo-Canh-Cam-Consulting-light.png","width":5000,"height":5037,"caption":"Canh Cam Consulting Media And Event LLC"},"image":{"@id":"https:\/\/canhcamconsulting.com\/#\/schema\/logo\/image\/"}}]}},"_links":{"self":[{"href":"https:\/\/canhcamconsulting.com\/index.php\/wp-json\/wp\/v2\/pages\/1272","targetHints":{"allow":["GET"]}}],"collection":[{"href":"https:\/\/canhcamconsulting.com\/index.php\/wp-json\/wp\/v2\/pages"}],"about":[{"href":"https:\/\/canhcamconsulting.com\/index.php\/wp-json\/wp\/v2\/types\/page"}],"author":[{"embeddable":true,"href":"https:\/\/canhcamconsulting.com\/index.php\/wp-json\/wp\/v2\/users\/1"}],"replies":[{"embeddable":true,"href":"https:\/\/canhcamconsulting.com\/index.php\/wp-json\/wp\/v2\/comments?post=1272"}],"version-history":[{"count":13,"href":"https:\/\/canhcamconsulting.com\/index.php\/wp-json\/wp\/v2\/pages\/1272\/revisions"}],"predecessor-version":[{"id":1508,"href":"https:\/\/canhcamconsulting.com\/index.php\/wp-json\/wp\/v2\/pages\/1272\/revisions\/1508"}],"wp:attachment":[{"href":"https:\/\/canhcamconsulting.com\/index.php\/wp-json\/wp\/v2\/media?parent=1272"}],"curies":[{"name":"wp","href":"https:\/\/api.w.org\/{rel}","templated":true}]}}