{"id":1274,"date":"2022-11-14T18:33:20","date_gmt":"2022-11-14T18:33:20","guid":{"rendered":"https:\/\/canhcamconsulting.com\/?page_id=1274"},"modified":"2022-11-21T16:37:29","modified_gmt":"2022-11-21T16:37:29","slug":"advertisement","status":"publish","type":"page","link":"https:\/\/canhcamconsulting.com\/index.php\/advertisement\/","title":{"rendered":"Qu\u1ea3ng C\u00e1o"},"content":{"rendered":"\t\t<div data-elementor-type=\"wp-page\" data-elementor-id=\"1274\" class=\"elementor elementor-1274\">\n\t\t\t\t\t\t<section class=\"elementor-section elementor-top-section elementor-element elementor-element-c4c132f elementor-section-boxed elementor-section-height-default elementor-section-height-default\" data-id=\"c4c132f\" data-element_type=\"section\" data-e-type=\"section\">\n\t\t\t\t\t\t<div class=\"elementor-container elementor-column-gap-default\">\n\t\t\t\t\t<div class=\"elementor-column elementor-col-33 elementor-top-column elementor-element elementor-element-e5eacf6\" data-id=\"e5eacf6\" data-element_type=\"column\" data-e-type=\"column\">\n\t\t\t<div class=\"elementor-widget-wrap elementor-element-populated\">\n\t\t\t\t\t\t<div class=\"elementor-element elementor-element-40be423 elementor-invisible elementor-widget elementor-widget-heading\" data-id=\"40be423\" data-element_type=\"widget\" data-e-type=\"widget\" data-settings=\"{&quot;_animation&quot;:&quot;fadeInLeft&quot;}\" data-widget_type=\"heading.default\">\n\t\t\t\t<div class=\"elementor-widget-container\">\n\t\t\t\t\t<h1 class=\"elementor-heading-title elementor-size-large\">Th\u01b0\u01a1ng Hi\u1ec7u V\u01b0\u01a1n Xa<br>Nh\u00e0 Nh\u00e0 Bi\u1ebft \u0110\u1ebfn<\/h1>\t\t\t\t<\/div>\n\t\t\t\t<\/div>\n\t\t\t\t<div class=\"elementor-element elementor-element-7aae122 elementor-invisible elementor-widget elementor-widget-text-editor\" data-id=\"7aae122\" data-element_type=\"widget\" data-e-type=\"widget\" data-settings=\"{&quot;_animation&quot;:&quot;fadeInLeft&quot;}\" data-widget_type=\"text-editor.default\">\n\t\t\t\t<div class=\"elementor-widget-container\">\n\t\t\t\t\t\t\t\t\t<h3 style=\"font-size: 1.2em; margin-top: 20px;\"><span style=\"font-family: Arial, Helvetica, sans-serif;\"><em><span style=\"font-size: 14pt;\">\u0110\u1ec3 ti\u1ebfp c\u1eadn kh\u00e1ch h\u00e0ng m\u1ee5c ti\u00eau m\u00e0 qu\u00fd kh\u00e1ch, qu\u00fd doanh nghi\u1ec7p mong mu\u1ed1n, qu\u1ea3ng c\u00e1o l\u00e0 vi\u1ec7c ch\u1eafc ch\u1eafn kh\u00f4ng th\u1ec3 thi\u1ebfu. \u0110\u1ed9i ng\u0169 C\u00e1nh Cam Consulting v\u1edbi nh\u1eefng th\u00e0nh vi\u00ean gi\u1ecfi chuy\u00ean m\u00f4n, gi\u00e0u kinh nghi\u1ec7m s\u1ebd \u0111\u1ed3ng h\u00e0nh c\u00f9ng qu\u00fd kh\u00e1ch, qu\u00fd doanh nghi\u1ec7p nghi\u00ean c\u1ee9u th\u1ecb tr\u01b0\u1eddng m\u1ee5c ti\u00eau v\u00e0 t\u1eeb \u0111\u00f3, cung c\u1ea5p c\u00e1c gi\u1ea3i ph\u00e1p, k\u1ebf ho\u1ea1ch qu\u1ea3ng c\u00e1o \u0111\u00fang \u0111\u1eafn v\u00e0 ph\u00f9 h\u1ee3p nh\u1eb1m t\u0103ng l\u01b0\u1ee3ng t\u01b0\u01a1ng t\u00e1c, t\u0103ng s\u1ef1 t\u00f2 m\u00f2 v\u00e0 \u0111\u01b0a c\u00e1c kh\u00e1ch h\u00e0ng ti\u1ec1m n\u0103ng \u0111\u1ebfn v\u1edbi s\u1ea3n ph\u1ea9m c\u0169ng nh\u01b0 d\u1ecbch v\u1ee5 c\u1ee7a qu\u00fd kh\u00e1ch, qu\u00fd doanh nghi\u1ec7p.&nbsp;&nbsp;<\/span><\/em><\/span><\/h3>\t\t\t\t\t\t\t\t<\/div>\n\t\t\t\t<\/div>\n\t\t\t\t\t<\/div>\n\t\t<\/div>\n\t\t\t\t<div class=\"elementor-column elementor-col-66 elementor-top-column elementor-element elementor-element-d0ae8de\" data-id=\"d0ae8de\" data-element_type=\"column\" data-e-type=\"column\">\n\t\t\t<div class=\"elementor-widget-wrap elementor-element-populated\">\n\t\t\t\t\t\t<div class=\"elementor-element elementor-element-d3a8110 elementor-widget elementor-widget-spacer\" data-id=\"d3a8110\" data-element_type=\"widget\" data-e-type=\"widget\" data-widget_type=\"spacer.default\">\n\t\t\t\t<div class=\"elementor-widget-container\">\n\t\t\t\t\t\t\t<div class=\"elementor-spacer\">\n\t\t\t<div class=\"elementor-spacer-inner\"><\/div>\n\t\t<\/div>\n\t\t\t\t\t\t<\/div>\n\t\t\t\t<\/div>\n\t\t\t\t<div class=\"elementor-element elementor-element-f02455d elementor-invisible elementor-widget elementor-widget-image\" data-id=\"f02455d\" data-element_type=\"widget\" data-e-type=\"widget\" data-settings=\"{&quot;_animation&quot;:&quot;fadeInRight&quot;}\" data-widget_type=\"image.default\">\n\t\t\t\t<div class=\"elementor-widget-container\">\n\t\t\t\t\t\t\t\t\t\t\t\t\t\t\t<img fetchpriority=\"high\" decoding=\"async\" width=\"1536\" height=\"860\" src=\"https:\/\/canhcamconsulting.com\/wp-content\/uploads\/2022\/11\/business-5475661-1536x860.jpg\" class=\"attachment-1536x1536 size-1536x1536 wp-image-1359\" alt=\"\" srcset=\"https:\/\/canhcamconsulting.com\/wp-content\/uploads\/2022\/11\/business-5475661-1536x860.jpg 1536w, https:\/\/canhcamconsulting.com\/wp-content\/uploads\/2022\/11\/business-5475661-300x168.jpg 300w, https:\/\/canhcamconsulting.com\/wp-content\/uploads\/2022\/11\/business-5475661-1024x573.jpg 1024w, https:\/\/canhcamconsulting.com\/wp-content\/uploads\/2022\/11\/business-5475661-768x430.jpg 768w, https:\/\/canhcamconsulting.com\/wp-content\/uploads\/2022\/11\/business-5475661-2048x1147.jpg 2048w, https:\/\/canhcamconsulting.com\/wp-content\/uploads\/2022\/11\/business-5475661-18x10.jpg 18w\" sizes=\"(max-width: 1536px) 100vw, 1536px\" \/>\t\t\t\t\t\t\t\t\t\t\t\t\t\t\t<\/div>\n\t\t\t\t<\/div>\n\t\t\t\t\t<\/div>\n\t\t<\/div>\n\t\t\t\t\t<\/div>\n\t\t<\/section>\n\t\t\t\t<section class=\"elementor-section elementor-top-section elementor-element elementor-element-4b69108 elementor-section-boxed elementor-section-height-default elementor-section-height-default\" data-id=\"4b69108\" data-element_type=\"section\" data-e-type=\"section\">\n\t\t\t\t\t\t<div class=\"elementor-container elementor-column-gap-default\">\n\t\t\t\t\t<div class=\"elementor-column elementor-col-100 elementor-top-column elementor-element elementor-element-a71818c\" data-id=\"a71818c\" data-element_type=\"column\" data-e-type=\"column\">\n\t\t\t<div class=\"elementor-widget-wrap elementor-element-populated\">\n\t\t\t\t\t\t<div class=\"elementor-element elementor-element-b1aa6cf elementor-invisible elementor-widget elementor-widget-heading\" data-id=\"b1aa6cf\" data-element_type=\"widget\" data-e-type=\"widget\" data-settings=\"{&quot;_animation&quot;:&quot;fadeInUp&quot;}\" data-widget_type=\"heading.default\">\n\t\t\t\t<div class=\"elementor-widget-container\">\n\t\t\t\t\t<h1 class=\"elementor-heading-title elementor-size-large\">H\u00e3y \u0110\u1ec3 Th\u01b0\u01a1ng Hi\u1ec7u C\u1ee7a Qu\u00fd Kh\u00e1ch Ch\u1ea1m \u0110\u1ebfn Nh\u1eefng V\u00ec Sao C\u00f9ng CCC!<\/h1>\t\t\t\t<\/div>\n\t\t\t\t<\/div>\n\t\t\t\t<div class=\"elementor-element elementor-element-8589a1e elementor-align-center elementor-invisible elementor-widget elementor-widget-button\" data-id=\"8589a1e\" data-element_type=\"widget\" data-e-type=\"widget\" data-settings=\"{&quot;_animation&quot;:&quot;fadeInUp&quot;}\" data-widget_type=\"button.default\">\n\t\t\t\t<div class=\"elementor-widget-container\">\n\t\t\t\t\t\t\t\t\t<div class=\"elementor-button-wrapper\">\n\t\t\t\t\t<a class=\"elementor-button elementor-button-link elementor-size-xl elementor-animation-grow\" href=\"https:\/\/canhcamconsulting.com\/index.php\/contact\/\">\n\t\t\t\t\t\t<span class=\"elementor-button-content-wrapper\">\n\t\t\t\t\t\t\t\t\t<span class=\"elementor-button-text\">Li\u00ean H\u1ec7 Ch\u00fang T\u00f4i<\/span>\n\t\t\t\t\t<\/span>\n\t\t\t\t\t<\/a>\n\t\t\t\t<\/div>\n\t\t\t\t\t\t\t\t<\/div>\n\t\t\t\t<\/div>\n\t\t\t\t\t<\/div>\n\t\t<\/div>\n\t\t\t\t\t<\/div>\n\t\t<\/section>\n\t\t\t\t<section class=\"elementor-section elementor-top-section elementor-element elementor-element-e163beb elementor-section-boxed elementor-section-height-default elementor-section-height-default\" data-id=\"e163beb\" data-element_type=\"section\" data-e-type=\"section\">\n\t\t\t\t\t\t<div class=\"elementor-container elementor-column-gap-default\">\n\t\t\t\t\t<div class=\"elementor-column elementor-col-100 elementor-top-column elementor-element elementor-element-3790b49\" data-id=\"3790b49\" data-element_type=\"column\" data-e-type=\"column\">\n\t\t\t<div class=\"elementor-widget-wrap elementor-element-populated\">\n\t\t\t\t\t\t<div class=\"elementor-element elementor-element-2a7c8df elementor-invisible elementor-widget elementor-widget-wpforms\" data-id=\"2a7c8df\" data-element_type=\"widget\" data-e-type=\"widget\" data-settings=\"{&quot;_animation&quot;:&quot;fadeInUp&quot;}\" data-widget_type=\"wpforms.default\">\n\t\t\t\t<div class=\"elementor-widget-container\">\n\t\t\t\t\t<div class=\"wpforms-container wpforms-container-full\" id=\"wpforms-1096\"><form id=\"wpforms-form-1096\" class=\"wpforms-validate wpforms-form\" data-formid=\"1096\" method=\"post\" enctype=\"multipart\/form-data\" action=\"\/index.php\/wp-json\/wp\/v2\/pages\/1274\" data-token=\"ed81dcdbff2cc24467e1394ef237a5f3\" data-token-time=\"1778684686\"><noscript class=\"wpforms-error-noscript\">Please enable JavaScript in your browser to complete this form.<\/noscript><div class=\"wpforms-field-container\"><div id=\"wpforms-1096-field_0-container\" class=\"wpforms-field wpforms-field-name\" data-field-id=\"0\"><label class=\"wpforms-field-label wpforms-label-hide\" for=\"wpforms-1096-field_0\">Your Full Name <span class=\"wpforms-required-label\">*<\/span><\/label><input type=\"text\" id=\"wpforms-1096-field_0\" class=\"wpforms-field-large wpforms-field-required\" name=\"wpforms[fields][0]\" placeholder=\"Your full name\" required><\/div><div id=\"wpforms-1096-field_1-container\" class=\"wpforms-field wpforms-field-email\" data-field-id=\"1\"><label class=\"wpforms-field-label wpforms-label-hide\" for=\"wpforms-1096-field_1\">Email <span class=\"wpforms-required-label\">*<\/span><\/label><input type=\"email\" id=\"wpforms-1096-field_1\" class=\"wpforms-field-large wpforms-field-required\" name=\"wpforms[fields][1]\" placeholder=\"Your email address\" spellcheck=\"false\" required><\/div><div id=\"wpforms-1096-field_2-container\" class=\"wpforms-field wpforms-field-textarea\" data-field-id=\"2\"><label class=\"wpforms-field-label wpforms-label-hide\" for=\"wpforms-1096-field_2\">Comment or Message <span class=\"wpforms-required-label\">*<\/span><\/label><textarea id=\"wpforms-1096-field_2\" class=\"wpforms-field-medium wpforms-field-required\" name=\"wpforms[fields][2]\" placeholder=\"Write your message here\" required><\/textarea><\/div><\/div><!-- .wpforms-field-container --><div class=\"wpforms-field wpforms-field-hp\"><label for=\"wpforms-1096-field-hp\" class=\"wpforms-field-label\">Phone<\/label><input type=\"text\" name=\"wpforms[hp]\" id=\"wpforms-1096-field-hp\" class=\"wpforms-field-medium\"><\/div><div class=\"wpforms-submit-container\" ><input type=\"hidden\" name=\"wpforms[id]\" value=\"1096\"><input type=\"hidden\" name=\"page_title\" value=\"\"><input type=\"hidden\" name=\"page_url\" value=\"https:\/\/canhcamconsulting.com\/index.php\/wp-json\/wp\/v2\/pages\/1274\"><input type=\"hidden\" name=\"url_referer\" value=\"\"><button type=\"submit\" name=\"wpforms[submit]\" id=\"wpforms-submit-1096\" class=\"wpforms-submit\" data-alt-text=\"Sending...\" data-submit-text=\"Contact Us\" aria-live=\"assertive\" value=\"wpforms-submit\">Contact Us<\/button><\/div><\/form><\/div>  <!-- .wpforms-container -->\t\t\t\t<\/div>\n\t\t\t\t<\/div>\n\t\t\t\t\t<\/div>\n\t\t<\/div>\n\t\t\t\t\t<\/div>\n\t\t<\/section>\n\t\t\t\t<\/div>\n\t\t","protected":false},"excerpt":{"rendered":"<p>Th\u01b0\u01a1ng Hi\u1ec7u V\u01b0\u01a1n XaNh\u00e0 Nh\u00e0 Bi\u1ebft \u0110\u1ebfn \u0110\u1ec3 ti\u1ebfp c\u1eadn kh\u00e1ch h\u00e0ng m\u1ee5c ti\u00eau m\u00e0 qu\u00fd kh\u00e1ch, qu\u00fd doanh nghi\u1ec7p mong mu\u1ed1n, qu\u1ea3ng c\u00e1o l\u00e0 vi\u1ec7c ch\u1eafc ch\u1eafn kh\u00f4ng th\u1ec3 thi\u1ebfu. \u0110\u1ed9i ng\u0169 C\u00e1nh Cam Consulting v\u1edbi nh\u1eefng th\u00e0nh vi\u00ean gi\u1ecfi chuy\u00ean m\u00f4n, gi\u00e0u kinh nghi\u1ec7m s\u1ebd \u0111\u1ed3ng h\u00e0nh c\u00f9ng qu\u00fd kh\u00e1ch, qu\u00fd doanh nghi\u1ec7p [&hellip;]<\/p>\n","protected":false},"author":1,"featured_media":0,"parent":0,"menu_order":0,"comment_status":"closed","ping_status":"closed","template":"elementor_theme","meta":{"om_disable_all_campaigns":false,"ocean_post_layout":"","ocean_both_sidebars_style":"","ocean_both_sidebars_content_width":0,"ocean_both_sidebars_sidebars_width":0,"ocean_sidebar":"0","ocean_second_sidebar":"0","ocean_disable_margins":"enable","ocean_add_body_class":"","ocean_shortcode_before_top_bar":"","ocean_shortcode_after_top_bar":"","ocean_shortcode_before_header":"","ocean_shortcode_after_header":"","ocean_has_shortcode":"","ocean_shortcode_after_title":"","ocean_shortcode_before_footer_widgets":"","ocean_shortcode_after_footer_widgets":"","ocean_shortcode_before_footer_bottom":"","ocean_shortcode_after_footer_bottom":"","ocean_display_top_bar":"default","ocean_display_header":"default","ocean_header_style":"","ocean_center_header_left_menu":"0","ocean_custom_header_template":"0","ocean_custom_logo":0,"ocean_custom_retina_logo":0,"ocean_custom_logo_max_width":0,"ocean_custom_logo_tablet_max_width":0,"ocean_custom_logo_mobile_max_width":0,"ocean_custom_logo_max_height":0,"ocean_custom_logo_tablet_max_height":0,"ocean_custom_logo_mobile_max_height":0,"ocean_header_custom_menu":"0","ocean_menu_typo_font_family":"0","ocean_menu_typo_font_subset":"","ocean_menu_typo_font_size":0,"ocean_menu_typo_font_size_tablet":0,"ocean_menu_typo_font_size_mobile":0,"ocean_menu_typo_font_size_unit":"px","ocean_menu_typo_font_weight":"","ocean_menu_typo_font_weight_tablet":"","ocean_menu_typo_font_weight_mobile":"","ocean_menu_typo_transform":"","ocean_menu_typo_transform_tablet":"","ocean_menu_typo_transform_mobile":"","ocean_menu_typo_line_height":0,"ocean_menu_typo_line_height_tablet":0,"ocean_menu_typo_line_height_mobile":0,"ocean_menu_typo_line_height_unit":"","ocean_menu_typo_spacing":0,"ocean_menu_typo_spacing_tablet":0,"ocean_menu_typo_spacing_mobile":0,"ocean_menu_typo_spacing_unit":"","ocean_menu_link_color":"","ocean_menu_link_color_hover":"","ocean_menu_link_color_active":"","ocean_menu_link_background":"","ocean_menu_link_hover_background":"","ocean_menu_link_active_background":"","ocean_menu_social_links_bg":"","ocean_menu_social_hover_links_bg":"","ocean_menu_social_links_color":"","ocean_menu_social_hover_links_color":"","ocean_disable_title":"default","ocean_disable_heading":"enable","ocean_post_title":"Qu\u1ea3ng C\u00e1o","ocean_post_subheading":"","ocean_post_title_style":"centered-minimal","ocean_post_title_background_color":"#ff8944","ocean_post_title_background":0,"ocean_post_title_bg_image_position":"","ocean_post_title_bg_image_attachment":"","ocean_post_title_bg_image_repeat":"","ocean_post_title_bg_image_size":"","ocean_post_title_height":0,"ocean_post_title_bg_overlay":0.5,"ocean_post_title_bg_overlay_color":"","ocean_disable_breadcrumbs":"off","ocean_breadcrumbs_color":"","ocean_breadcrumbs_separator_color":"","ocean_breadcrumbs_links_color":"","ocean_breadcrumbs_links_hover_color":"","ocean_display_footer_widgets":"default","ocean_display_footer_bottom":"default","ocean_custom_footer_template":"0","footnotes":""},"class_list":["post-1274","page","type-page","status-publish","hentry","entry"],"yoast_head":"<!-- This site is optimized with the Yoast SEO plugin v27.5 - https:\/\/yoast.com\/product\/yoast-seo-wordpress\/ -->\n<title>Qu\u1ea3ng C\u00e1o - Canh Cam Consulting Media And Event LLC<\/title>\n<meta name=\"robots\" content=\"index, follow, max-snippet:-1, max-image-preview:large, max-video-preview:-1\" \/>\n<link rel=\"canonical\" href=\"https:\/\/canhcamconsulting.com\/index.php\/advertisement\/\" \/>\n<meta property=\"og:locale\" content=\"en_US\" \/>\n<meta property=\"og:type\" content=\"article\" \/>\n<meta property=\"og:title\" content=\"Qu\u1ea3ng C\u00e1o - Canh Cam Consulting Media And Event LLC\" \/>\n<meta property=\"og:description\" content=\"Th\u01b0\u01a1ng Hi\u1ec7u V\u01b0\u01a1n XaNh\u00e0 Nh\u00e0 Bi\u1ebft \u0110\u1ebfn \u0110\u1ec3 ti\u1ebfp c\u1eadn kh\u00e1ch h\u00e0ng m\u1ee5c ti\u00eau m\u00e0 qu\u00fd kh\u00e1ch, qu\u00fd doanh nghi\u1ec7p mong mu\u1ed1n, qu\u1ea3ng c\u00e1o l\u00e0 vi\u1ec7c ch\u1eafc ch\u1eafn kh\u00f4ng th\u1ec3 thi\u1ebfu. \u0110\u1ed9i ng\u0169 C\u00e1nh Cam Consulting v\u1edbi nh\u1eefng th\u00e0nh vi\u00ean gi\u1ecfi chuy\u00ean m\u00f4n, gi\u00e0u kinh nghi\u1ec7m s\u1ebd \u0111\u1ed3ng h\u00e0nh c\u00f9ng qu\u00fd kh\u00e1ch, qu\u00fd doanh nghi\u1ec7p [&hellip;]\" \/>\n<meta property=\"og:url\" content=\"https:\/\/canhcamconsulting.com\/index.php\/advertisement\/\" \/>\n<meta property=\"og:site_name\" content=\"Canh Cam Consulting Media And Event LLC\" \/>\n<meta property=\"article:modified_time\" content=\"2022-11-21T16:37:29+00:00\" \/>\n<meta property=\"og:image\" content=\"https:\/\/canhcamconsulting.com\/wp-content\/uploads\/2022\/11\/business-5475661-1536x860.jpg\" \/>\n<meta name=\"twitter:card\" content=\"summary_large_image\" \/>\n<meta name=\"twitter:label1\" content=\"Est. reading time\" \/>\n\t<meta name=\"twitter:data1\" content=\"1 minute\" \/>\n<script type=\"application\/ld+json\" class=\"yoast-schema-graph\">{\"@context\":\"https:\\\/\\\/schema.org\",\"@graph\":[{\"@type\":\"WebPage\",\"@id\":\"https:\\\/\\\/canhcamconsulting.com\\\/index.php\\\/advertisement\\\/\",\"url\":\"https:\\\/\\\/canhcamconsulting.com\\\/index.php\\\/advertisement\\\/\",\"name\":\"Qu\u1ea3ng C\u00e1o - Canh Cam Consulting Media And Event LLC\",\"isPartOf\":{\"@id\":\"https:\\\/\\\/canhcamconsulting.com\\\/#website\"},\"primaryImageOfPage\":{\"@id\":\"https:\\\/\\\/canhcamconsulting.com\\\/index.php\\\/advertisement\\\/#primaryimage\"},\"image\":{\"@id\":\"https:\\\/\\\/canhcamconsulting.com\\\/index.php\\\/advertisement\\\/#primaryimage\"},\"thumbnailUrl\":\"https:\\\/\\\/canhcamconsulting.com\\\/wp-content\\\/uploads\\\/2022\\\/11\\\/business-5475661-1536x860.jpg\",\"datePublished\":\"2022-11-14T18:33:20+00:00\",\"dateModified\":\"2022-11-21T16:37:29+00:00\",\"breadcrumb\":{\"@id\":\"https:\\\/\\\/canhcamconsulting.com\\\/index.php\\\/advertisement\\\/#breadcrumb\"},\"inLanguage\":\"en-US\",\"potentialAction\":[{\"@type\":\"ReadAction\",\"target\":[\"https:\\\/\\\/canhcamconsulting.com\\\/index.php\\\/advertisement\\\/\"]}]},{\"@type\":\"ImageObject\",\"inLanguage\":\"en-US\",\"@id\":\"https:\\\/\\\/canhcamconsulting.com\\\/index.php\\\/advertisement\\\/#primaryimage\",\"url\":\"https:\\\/\\\/canhcamconsulting.com\\\/wp-content\\\/uploads\\\/2022\\\/11\\\/business-5475661-scaled.jpg\",\"contentUrl\":\"https:\\\/\\\/canhcamconsulting.com\\\/wp-content\\\/uploads\\\/2022\\\/11\\\/business-5475661-scaled.jpg\",\"width\":2560,\"height\":1434},{\"@type\":\"BreadcrumbList\",\"@id\":\"https:\\\/\\\/canhcamconsulting.com\\\/index.php\\\/advertisement\\\/#breadcrumb\",\"itemListElement\":[{\"@type\":\"ListItem\",\"position\":1,\"name\":\"Home\",\"item\":\"https:\\\/\\\/canhcamconsulting.com\\\/\"},{\"@type\":\"ListItem\",\"position\":2,\"name\":\"Qu\u1ea3ng C\u00e1o\"}]},{\"@type\":\"WebSite\",\"@id\":\"https:\\\/\\\/canhcamconsulting.com\\\/#website\",\"url\":\"https:\\\/\\\/canhcamconsulting.com\\\/\",\"name\":\"Canh Cam Consulting Media And Event LLC\",\"description\":\"\",\"publisher\":{\"@id\":\"https:\\\/\\\/canhcamconsulting.com\\\/#organization\"},\"potentialAction\":[{\"@type\":\"SearchAction\",\"target\":{\"@type\":\"EntryPoint\",\"urlTemplate\":\"https:\\\/\\\/canhcamconsulting.com\\\/?s={search_term_string}\"},\"query-input\":{\"@type\":\"PropertyValueSpecification\",\"valueRequired\":true,\"valueName\":\"search_term_string\"}}],\"inLanguage\":\"en-US\"},{\"@type\":\"Organization\",\"@id\":\"https:\\\/\\\/canhcamconsulting.com\\\/#organization\",\"name\":\"Canh Cam Consulting Media And Event LLC\",\"url\":\"https:\\\/\\\/canhcamconsulting.com\\\/\",\"logo\":{\"@type\":\"ImageObject\",\"inLanguage\":\"en-US\",\"@id\":\"https:\\\/\\\/canhcamconsulting.com\\\/#\\\/schema\\\/logo\\\/image\\\/\",\"url\":\"https:\\\/\\\/canhcamconsulting.com\\\/wp-content\\\/uploads\\\/2023\\\/02\\\/Logo-Canh-Cam-Consulting-light.png\",\"contentUrl\":\"https:\\\/\\\/canhcamconsulting.com\\\/wp-content\\\/uploads\\\/2023\\\/02\\\/Logo-Canh-Cam-Consulting-light.png\",\"width\":5000,\"height\":5037,\"caption\":\"Canh Cam Consulting Media And Event LLC\"},\"image\":{\"@id\":\"https:\\\/\\\/canhcamconsulting.com\\\/#\\\/schema\\\/logo\\\/image\\\/\"}}]}<\/script>\n<!-- \/ Yoast SEO plugin. -->","yoast_head_json":{"title":"Qu\u1ea3ng C\u00e1o - Canh Cam Consulting Media And Event LLC","robots":{"index":"index","follow":"follow","max-snippet":"max-snippet:-1","max-image-preview":"max-image-preview:large","max-video-preview":"max-video-preview:-1"},"canonical":"https:\/\/canhcamconsulting.com\/index.php\/advertisement\/","og_locale":"en_US","og_type":"article","og_title":"Qu\u1ea3ng C\u00e1o - Canh Cam Consulting Media And Event LLC","og_description":"Th\u01b0\u01a1ng Hi\u1ec7u V\u01b0\u01a1n XaNh\u00e0 Nh\u00e0 Bi\u1ebft \u0110\u1ebfn \u0110\u1ec3 ti\u1ebfp c\u1eadn kh\u00e1ch h\u00e0ng m\u1ee5c ti\u00eau m\u00e0 qu\u00fd kh\u00e1ch, qu\u00fd doanh nghi\u1ec7p mong mu\u1ed1n, qu\u1ea3ng c\u00e1o l\u00e0 vi\u1ec7c ch\u1eafc ch\u1eafn kh\u00f4ng th\u1ec3 thi\u1ebfu. \u0110\u1ed9i ng\u0169 C\u00e1nh Cam Consulting v\u1edbi nh\u1eefng th\u00e0nh vi\u00ean gi\u1ecfi chuy\u00ean m\u00f4n, gi\u00e0u kinh nghi\u1ec7m s\u1ebd \u0111\u1ed3ng h\u00e0nh c\u00f9ng qu\u00fd kh\u00e1ch, qu\u00fd doanh nghi\u1ec7p [&hellip;]","og_url":"https:\/\/canhcamconsulting.com\/index.php\/advertisement\/","og_site_name":"Canh Cam Consulting Media And Event LLC","article_modified_time":"2022-11-21T16:37:29+00:00","og_image":[{"url":"https:\/\/canhcamconsulting.com\/wp-content\/uploads\/2022\/11\/business-5475661-1536x860.jpg","type":"","width":"","height":""}],"twitter_card":"summary_large_image","twitter_misc":{"Est. reading time":"1 minute"},"schema":{"@context":"https:\/\/schema.org","@graph":[{"@type":"WebPage","@id":"https:\/\/canhcamconsulting.com\/index.php\/advertisement\/","url":"https:\/\/canhcamconsulting.com\/index.php\/advertisement\/","name":"Qu\u1ea3ng C\u00e1o - Canh Cam Consulting Media And Event LLC","isPartOf":{"@id":"https:\/\/canhcamconsulting.com\/#website"},"primaryImageOfPage":{"@id":"https:\/\/canhcamconsulting.com\/index.php\/advertisement\/#primaryimage"},"image":{"@id":"https:\/\/canhcamconsulting.com\/index.php\/advertisement\/#primaryimage"},"thumbnailUrl":"https:\/\/canhcamconsulting.com\/wp-content\/uploads\/2022\/11\/business-5475661-1536x860.jpg","datePublished":"2022-11-14T18:33:20+00:00","dateModified":"2022-11-21T16:37:29+00:00","breadcrumb":{"@id":"https:\/\/canhcamconsulting.com\/index.php\/advertisement\/#breadcrumb"},"inLanguage":"en-US","potentialAction":[{"@type":"ReadAction","target":["https:\/\/canhcamconsulting.com\/index.php\/advertisement\/"]}]},{"@type":"ImageObject","inLanguage":"en-US","@id":"https:\/\/canhcamconsulting.com\/index.php\/advertisement\/#primaryimage","url":"https:\/\/canhcamconsulting.com\/wp-content\/uploads\/2022\/11\/business-5475661-scaled.jpg","contentUrl":"https:\/\/canhcamconsulting.com\/wp-content\/uploads\/2022\/11\/business-5475661-scaled.jpg","width":2560,"height":1434},{"@type":"BreadcrumbList","@id":"https:\/\/canhcamconsulting.com\/index.php\/advertisement\/#breadcrumb","itemListElement":[{"@type":"ListItem","position":1,"name":"Home","item":"https:\/\/canhcamconsulting.com\/"},{"@type":"ListItem","position":2,"name":"Qu\u1ea3ng C\u00e1o"}]},{"@type":"WebSite","@id":"https:\/\/canhcamconsulting.com\/#website","url":"https:\/\/canhcamconsulting.com\/","name":"Canh Cam Consulting Media And Event LLC","description":"","publisher":{"@id":"https:\/\/canhcamconsulting.com\/#organization"},"potentialAction":[{"@type":"SearchAction","target":{"@type":"EntryPoint","urlTemplate":"https:\/\/canhcamconsulting.com\/?s={search_term_string}"},"query-input":{"@type":"PropertyValueSpecification","valueRequired":true,"valueName":"search_term_string"}}],"inLanguage":"en-US"},{"@type":"Organization","@id":"https:\/\/canhcamconsulting.com\/#organization","name":"Canh Cam Consulting Media And Event LLC","url":"https:\/\/canhcamconsulting.com\/","logo":{"@type":"ImageObject","inLanguage":"en-US","@id":"https:\/\/canhcamconsulting.com\/#\/schema\/logo\/image\/","url":"https:\/\/canhcamconsulting.com\/wp-content\/uploads\/2023\/02\/Logo-Canh-Cam-Consulting-light.png","contentUrl":"https:\/\/canhcamconsulting.com\/wp-content\/uploads\/2023\/02\/Logo-Canh-Cam-Consulting-light.png","width":5000,"height":5037,"caption":"Canh Cam Consulting Media And Event LLC"},"image":{"@id":"https:\/\/canhcamconsulting.com\/#\/schema\/logo\/image\/"}}]}},"_links":{"self":[{"href":"https:\/\/canhcamconsulting.com\/index.php\/wp-json\/wp\/v2\/pages\/1274","targetHints":{"allow":["GET"]}}],"collection":[{"href":"https:\/\/canhcamconsulting.com\/index.php\/wp-json\/wp\/v2\/pages"}],"about":[{"href":"https:\/\/canhcamconsulting.com\/index.php\/wp-json\/wp\/v2\/types\/page"}],"author":[{"embeddable":true,"href":"https:\/\/canhcamconsulting.com\/index.php\/wp-json\/wp\/v2\/users\/1"}],"replies":[{"embeddable":true,"href":"https:\/\/canhcamconsulting.com\/index.php\/wp-json\/wp\/v2\/comments?post=1274"}],"version-history":[{"count":12,"href":"https:\/\/canhcamconsulting.com\/index.php\/wp-json\/wp\/v2\/pages\/1274\/revisions"}],"predecessor-version":[{"id":1499,"href":"https:\/\/canhcamconsulting.com\/index.php\/wp-json\/wp\/v2\/pages\/1274\/revisions\/1499"}],"wp:attachment":[{"href":"https:\/\/canhcamconsulting.com\/index.php\/wp-json\/wp\/v2\/media?parent=1274"}],"curies":[{"name":"wp","href":"https:\/\/api.w.org\/{rel}","templated":true}]}}