{"id":1275,"date":"2022-11-16T10:23:51","date_gmt":"2022-11-16T10:23:51","guid":{"rendered":"https:\/\/canhcamconsulting.com\/?page_id=1275"},"modified":"2022-11-21T16:36:38","modified_gmt":"2022-11-21T16:36:38","slug":"events","status":"publish","type":"page","link":"https:\/\/canhcamconsulting.com\/index.php\/events\/","title":{"rendered":"S\u1ef1 Ki\u1ec7n"},"content":{"rendered":"\t\t<div data-elementor-type=\"wp-page\" data-elementor-id=\"1275\" class=\"elementor elementor-1275\">\n\t\t\t\t\t\t<section class=\"elementor-section elementor-top-section elementor-element elementor-element-c4c132f elementor-section-boxed elementor-section-height-default elementor-section-height-default\" data-id=\"c4c132f\" data-element_type=\"section\" data-e-type=\"section\">\n\t\t\t\t\t\t<div class=\"elementor-container elementor-column-gap-default\">\n\t\t\t\t\t<div class=\"elementor-column elementor-col-33 elementor-top-column elementor-element elementor-element-e5eacf6\" data-id=\"e5eacf6\" data-element_type=\"column\" data-e-type=\"column\">\n\t\t\t<div class=\"elementor-widget-wrap elementor-element-populated\">\n\t\t\t\t\t\t<div class=\"elementor-element elementor-element-40be423 elementor-invisible elementor-widget elementor-widget-heading\" data-id=\"40be423\" data-element_type=\"widget\" data-e-type=\"widget\" data-settings=\"{&quot;_animation&quot;:&quot;fadeInLeft&quot;}\" data-widget_type=\"heading.default\">\n\t\t\t\t<div class=\"elementor-widget-container\">\n\t\t\t\t\t<h1 class=\"elementor-heading-title elementor-size-large\">\u1ea4n T\u01b0\u1ee3ng,<br>\u0110\u1ed9c \u0110\u00e1o,<br>Chuy\u00ean Nghi\u1ec7p<\/h1>\t\t\t\t<\/div>\n\t\t\t\t<\/div>\n\t\t\t\t<div class=\"elementor-element elementor-element-7aae122 elementor-invisible elementor-widget elementor-widget-text-editor\" data-id=\"7aae122\" data-element_type=\"widget\" data-e-type=\"widget\" data-settings=\"{&quot;_animation&quot;:&quot;fadeInLeft&quot;}\" data-widget_type=\"text-editor.default\">\n\t\t\t\t<div class=\"elementor-widget-container\">\n\t\t\t\t\t\t\t\t\t<h3 style=\"font-size: 1.2em; margin-top: 20px;\"><span style=\"font-family: Arial, Helvetica, sans-serif;\"><em><span style=\"font-size: 14pt;\">\u0110\u1ea3m nh\u1eadn t\u1ea5t c\u1ea3 c\u00e1c kh\u00e2u t\u1ed5 ch\u1ee9c t\u1eeb x\u00e1c \u0111\u1ecbnh m\u1ee5c ti\u00eau, l\u1eadp d\u1ef1 to\u00e1n kinh ph\u00ed, l\u1eadp k\u1ebf ho\u1ea1ch v\u1edbi m\u1ed9t k\u1ecbch b\u1ea3n chi ti\u1ebft, \u0111\u1ebfn c\u00e1c c\u00f4ng t\u00e1c logistics, marketing v\u00e0 \u0111i\u1ec1u ph\u1ed1i, \u0111\u1ed9i ng\u0169 t\u1ed5 ch\u1ee9c s\u1ef1 ki\u1ec7n gi\u00e0u kinh nghi\u1ec7m c\u1ee7a C\u00e1nh Cam s\u1ebd \u0111\u1ed3ng h\u00e0nh c\u00f9ng qu\u00fd kh\u00e1ch h\u00e0ng, qu\u00fd doanh nghi\u1ec7p \u0111\u1ec3 t\u01b0 v\u1ea5n, tri\u1ec3n khai t\u1ea5t c\u1ea3 c\u00e1c lo\u1ea1i s\u1ef1 ki\u1ec7n t\u1eeb s\u1ef1 ki\u1ec7n PR \u2013 Marketing, tri\u1ec3n l\u00e3m, gi\u1ea3i tr\u00ed, v\u0103n h\u00f3a, c\u1ed9ng \u0111\u1ed3ng \u0111\u1ebfn c\u00e1c l\u1ec5 h\u1ed9i, h\u1ed9i ngh\u1ecb, l\u1ec5 k\u1ef7 ni\u1ec7m, khai tr\u01b0\u01a1ng,\u2026 m\u1ed9t c\u00e1ch chuy\u00ean nghi\u1ec7p v\u00e0 ho\u00e0n m\u1ef9 nh\u1ea5t.<\/span><\/em><\/span><\/h3>\t\t\t\t\t\t\t\t<\/div>\n\t\t\t\t<\/div>\n\t\t\t\t\t<\/div>\n\t\t<\/div>\n\t\t\t\t<div class=\"elementor-column elementor-col-66 elementor-top-column elementor-element elementor-element-d0ae8de\" data-id=\"d0ae8de\" data-element_type=\"column\" data-e-type=\"column\">\n\t\t\t<div class=\"elementor-widget-wrap elementor-element-populated\">\n\t\t\t\t\t\t<div class=\"elementor-element elementor-element-f02455d elementor-invisible elementor-widget elementor-widget-image\" data-id=\"f02455d\" data-element_type=\"widget\" data-e-type=\"widget\" data-settings=\"{&quot;_animation&quot;:&quot;fadeInRight&quot;}\" data-widget_type=\"image.default\">\n\t\t\t\t<div class=\"elementor-widget-container\">\n\t\t\t\t\t\t\t\t\t\t\t\t\t\t\t<img fetchpriority=\"high\" decoding=\"async\" width=\"1536\" height=\"1024\" src=\"https:\/\/canhcamconsulting.com\/wp-content\/uploads\/2022\/11\/hd-wallpaper-4768501_1920-1536x1024.jpg\" class=\"attachment-1536x1536 size-1536x1536 wp-image-1396\" alt=\"\" srcset=\"https:\/\/canhcamconsulting.com\/wp-content\/uploads\/2022\/11\/hd-wallpaper-4768501_1920-1536x1024.jpg 1536w, https:\/\/canhcamconsulting.com\/wp-content\/uploads\/2022\/11\/hd-wallpaper-4768501_1920-300x200.jpg 300w, https:\/\/canhcamconsulting.com\/wp-content\/uploads\/2022\/11\/hd-wallpaper-4768501_1920-1024x683.jpg 1024w, https:\/\/canhcamconsulting.com\/wp-content\/uploads\/2022\/11\/hd-wallpaper-4768501_1920-768x512.jpg 768w, https:\/\/canhcamconsulting.com\/wp-content\/uploads\/2022\/11\/hd-wallpaper-4768501_1920-18x12.jpg 18w, https:\/\/canhcamconsulting.com\/wp-content\/uploads\/2022\/11\/hd-wallpaper-4768501_1920.jpg 1920w\" sizes=\"(max-width: 1536px) 100vw, 1536px\" \/>\t\t\t\t\t\t\t\t\t\t\t\t\t\t\t<\/div>\n\t\t\t\t<\/div>\n\t\t\t\t\t<\/div>\n\t\t<\/div>\n\t\t\t\t\t<\/div>\n\t\t<\/section>\n\t\t\t\t<section class=\"elementor-section elementor-top-section elementor-element elementor-element-4b69108 elementor-section-boxed elementor-section-height-default elementor-section-height-default\" data-id=\"4b69108\" data-element_type=\"section\" data-e-type=\"section\">\n\t\t\t\t\t\t<div class=\"elementor-container elementor-column-gap-default\">\n\t\t\t\t\t<div class=\"elementor-column elementor-col-100 elementor-top-column elementor-element elementor-element-a71818c\" data-id=\"a71818c\" data-element_type=\"column\" data-e-type=\"column\">\n\t\t\t<div class=\"elementor-widget-wrap elementor-element-populated\">\n\t\t\t\t\t\t<div class=\"elementor-element elementor-element-b1aa6cf elementor-invisible elementor-widget elementor-widget-heading\" data-id=\"b1aa6cf\" data-element_type=\"widget\" data-e-type=\"widget\" data-settings=\"{&quot;_animation&quot;:&quot;fadeInUp&quot;}\" data-widget_type=\"heading.default\">\n\t\t\t\t<div class=\"elementor-widget-container\">\n\t\t\t\t\t<h1 class=\"elementor-heading-title elementor-size-large\">C\u00f9ng CCC T\u1ed5 Ch\u1ee9c M\u1ed9t S\u1ef1 Ki\u1ec7n Th\u1eadt \u1ea4n T\u01b0\u1ee3ng!<\/h1>\t\t\t\t<\/div>\n\t\t\t\t<\/div>\n\t\t\t\t<div class=\"elementor-element elementor-element-8589a1e elementor-align-center elementor-invisible elementor-widget elementor-widget-button\" data-id=\"8589a1e\" data-element_type=\"widget\" data-e-type=\"widget\" data-settings=\"{&quot;_animation&quot;:&quot;fadeInUp&quot;}\" data-widget_type=\"button.default\">\n\t\t\t\t<div class=\"elementor-widget-container\">\n\t\t\t\t\t\t\t\t\t<div class=\"elementor-button-wrapper\">\n\t\t\t\t\t<a class=\"elementor-button elementor-button-link elementor-size-xl elementor-animation-grow\" href=\"https:\/\/canhcamconsulting.com\/index.php\/contact\/\">\n\t\t\t\t\t\t<span class=\"elementor-button-content-wrapper\">\n\t\t\t\t\t\t\t\t\t<span class=\"elementor-button-text\">Li\u00ean H\u1ec7 Ch\u00fang T\u00f4i<\/span>\n\t\t\t\t\t<\/span>\n\t\t\t\t\t<\/a>\n\t\t\t\t<\/div>\n\t\t\t\t\t\t\t\t<\/div>\n\t\t\t\t<\/div>\n\t\t\t\t\t<\/div>\n\t\t<\/div>\n\t\t\t\t\t<\/div>\n\t\t<\/section>\n\t\t\t\t<section class=\"elementor-section elementor-top-section elementor-element elementor-element-e163beb elementor-section-boxed elementor-section-height-default elementor-section-height-default\" data-id=\"e163beb\" data-element_type=\"section\" data-e-type=\"section\">\n\t\t\t\t\t\t<div class=\"elementor-container elementor-column-gap-default\">\n\t\t\t\t\t<div class=\"elementor-column elementor-col-100 elementor-top-column elementor-element elementor-element-3790b49\" data-id=\"3790b49\" data-element_type=\"column\" data-e-type=\"column\">\n\t\t\t<div class=\"elementor-widget-wrap elementor-element-populated\">\n\t\t\t\t\t\t<div class=\"elementor-element elementor-element-2a7c8df elementor-invisible elementor-widget elementor-widget-wpforms\" data-id=\"2a7c8df\" data-element_type=\"widget\" data-e-type=\"widget\" data-settings=\"{&quot;_animation&quot;:&quot;fadeInUp&quot;}\" data-widget_type=\"wpforms.default\">\n\t\t\t\t<div class=\"elementor-widget-container\">\n\t\t\t\t\t<div class=\"wpforms-container wpforms-container-full\" id=\"wpforms-1096\"><form id=\"wpforms-form-1096\" class=\"wpforms-validate wpforms-form\" data-formid=\"1096\" method=\"post\" enctype=\"multipart\/form-data\" action=\"\/index.php\/wp-json\/wp\/v2\/pages\/1275\" data-token=\"ed81dcdbff2cc24467e1394ef237a5f3\" data-token-time=\"1778681578\"><noscript class=\"wpforms-error-noscript\">Please enable JavaScript in your browser to complete this form.<\/noscript><div class=\"wpforms-field-container\"><div id=\"wpforms-1096-field_0-container\" class=\"wpforms-field wpforms-field-name\" data-field-id=\"0\"><label class=\"wpforms-field-label wpforms-label-hide\" for=\"wpforms-1096-field_0\">Your Full Name <span class=\"wpforms-required-label\">*<\/span><\/label><input type=\"text\" id=\"wpforms-1096-field_0\" class=\"wpforms-field-large wpforms-field-required\" name=\"wpforms[fields][0]\" placeholder=\"Your full name\" required><\/div><div id=\"wpforms-1096-field_1-container\" class=\"wpforms-field wpforms-field-email\" data-field-id=\"1\"><label class=\"wpforms-field-label wpforms-label-hide\" for=\"wpforms-1096-field_1\">Email <span class=\"wpforms-required-label\">*<\/span><\/label><input type=\"email\" id=\"wpforms-1096-field_1\" class=\"wpforms-field-large wpforms-field-required\" name=\"wpforms[fields][1]\" placeholder=\"Your email address\" spellcheck=\"false\" required><\/div><div id=\"wpforms-1096-field_2-container\" class=\"wpforms-field wpforms-field-textarea\" data-field-id=\"2\"><label class=\"wpforms-field-label wpforms-label-hide\" for=\"wpforms-1096-field_2\">Comment or Message <span class=\"wpforms-required-label\">*<\/span><\/label><textarea id=\"wpforms-1096-field_2\" class=\"wpforms-field-medium wpforms-field-required\" name=\"wpforms[fields][2]\" placeholder=\"Write your message here\" required><\/textarea><\/div><\/div><!-- .wpforms-field-container --><div class=\"wpforms-field wpforms-field-hp\"><label for=\"wpforms-1096-field-hp\" class=\"wpforms-field-label\">Comment<\/label><input type=\"text\" name=\"wpforms[hp]\" id=\"wpforms-1096-field-hp\" class=\"wpforms-field-medium\"><\/div><div class=\"wpforms-submit-container\" ><input type=\"hidden\" name=\"wpforms[id]\" value=\"1096\"><input type=\"hidden\" name=\"page_title\" value=\"\"><input type=\"hidden\" name=\"page_url\" value=\"https:\/\/canhcamconsulting.com\/index.php\/wp-json\/wp\/v2\/pages\/1275\"><input type=\"hidden\" name=\"url_referer\" value=\"\"><button type=\"submit\" name=\"wpforms[submit]\" id=\"wpforms-submit-1096\" class=\"wpforms-submit\" data-alt-text=\"Sending...\" data-submit-text=\"Contact Us\" aria-live=\"assertive\" value=\"wpforms-submit\">Contact Us<\/button><\/div><\/form><\/div>  <!-- .wpforms-container -->\t\t\t\t<\/div>\n\t\t\t\t<\/div>\n\t\t\t\t\t<\/div>\n\t\t<\/div>\n\t\t\t\t\t<\/div>\n\t\t<\/section>\n\t\t\t\t<\/div>\n\t\t","protected":false},"excerpt":{"rendered":"<p>\u1ea4n T\u01b0\u1ee3ng,\u0110\u1ed9c \u0110\u00e1o,Chuy\u00ean Nghi\u1ec7p \u0110\u1ea3m nh\u1eadn t\u1ea5t c\u1ea3 c\u00e1c kh\u00e2u t\u1ed5 ch\u1ee9c t\u1eeb x\u00e1c \u0111\u1ecbnh m\u1ee5c ti\u00eau, l\u1eadp d\u1ef1 to\u00e1n kinh ph\u00ed, l\u1eadp k\u1ebf ho\u1ea1ch v\u1edbi m\u1ed9t k\u1ecbch b\u1ea3n chi ti\u1ebft, \u0111\u1ebfn c\u00e1c c\u00f4ng t\u00e1c logistics, marketing v\u00e0 \u0111i\u1ec1u ph\u1ed1i, \u0111\u1ed9i ng\u0169 t\u1ed5 ch\u1ee9c s\u1ef1 ki\u1ec7n gi\u00e0u kinh nghi\u1ec7m c\u1ee7a C\u00e1nh Cam s\u1ebd \u0111\u1ed3ng h\u00e0nh [&hellip;]<\/p>\n","protected":false},"author":1,"featured_media":0,"parent":0,"menu_order":0,"comment_status":"closed","ping_status":"closed","template":"elementor_theme","meta":{"om_disable_all_campaigns":false,"ocean_post_layout":"","ocean_both_sidebars_style":"","ocean_both_sidebars_content_width":0,"ocean_both_sidebars_sidebars_width":0,"ocean_sidebar":"0","ocean_second_sidebar":"0","ocean_disable_margins":"enable","ocean_add_body_class":"","ocean_shortcode_before_top_bar":"","ocean_shortcode_after_top_bar":"","ocean_shortcode_before_header":"","ocean_shortcode_after_header":"","ocean_has_shortcode":"","ocean_shortcode_after_title":"","ocean_shortcode_before_footer_widgets":"","ocean_shortcode_after_footer_widgets":"","ocean_shortcode_before_footer_bottom":"","ocean_shortcode_after_footer_bottom":"","ocean_display_top_bar":"default","ocean_display_header":"default","ocean_header_style":"","ocean_center_header_left_menu":"0","ocean_custom_header_template":"0","ocean_custom_logo":0,"ocean_custom_retina_logo":0,"ocean_custom_logo_max_width":0,"ocean_custom_logo_tablet_max_width":0,"ocean_custom_logo_mobile_max_width":0,"ocean_custom_logo_max_height":0,"ocean_custom_logo_tablet_max_height":0,"ocean_custom_logo_mobile_max_height":0,"ocean_header_custom_menu":"0","ocean_menu_typo_font_family":"0","ocean_menu_typo_font_subset":"","ocean_menu_typo_font_size":0,"ocean_menu_typo_font_size_tablet":0,"ocean_menu_typo_font_size_mobile":0,"ocean_menu_typo_font_size_unit":"px","ocean_menu_typo_font_weight":"","ocean_menu_typo_font_weight_tablet":"","ocean_menu_typo_font_weight_mobile":"","ocean_menu_typo_transform":"","ocean_menu_typo_transform_tablet":"","ocean_menu_typo_transform_mobile":"","ocean_menu_typo_line_height":0,"ocean_menu_typo_line_height_tablet":0,"ocean_menu_typo_line_height_mobile":0,"ocean_menu_typo_line_height_unit":"","ocean_menu_typo_spacing":0,"ocean_menu_typo_spacing_tablet":0,"ocean_menu_typo_spacing_mobile":0,"ocean_menu_typo_spacing_unit":"","ocean_menu_link_color":"","ocean_menu_link_color_hover":"","ocean_menu_link_color_active":"","ocean_menu_link_background":"","ocean_menu_link_hover_background":"","ocean_menu_link_active_background":"","ocean_menu_social_links_bg":"","ocean_menu_social_hover_links_bg":"","ocean_menu_social_links_color":"","ocean_menu_social_hover_links_color":"","ocean_disable_title":"default","ocean_disable_heading":"enable","ocean_post_title":"S\u1ef1 Ki\u1ec7n","ocean_post_subheading":"","ocean_post_title_style":"centered-minimal","ocean_post_title_background_color":"#ff8944","ocean_post_title_background":0,"ocean_post_title_bg_image_position":"","ocean_post_title_bg_image_attachment":"","ocean_post_title_bg_image_repeat":"","ocean_post_title_bg_image_size":"","ocean_post_title_height":0,"ocean_post_title_bg_overlay":0.5,"ocean_post_title_bg_overlay_color":"","ocean_disable_breadcrumbs":"off","ocean_breadcrumbs_color":"","ocean_breadcrumbs_separator_color":"","ocean_breadcrumbs_links_color":"","ocean_breadcrumbs_links_hover_color":"","ocean_display_footer_widgets":"default","ocean_display_footer_bottom":"default","ocean_custom_footer_template":"0","footnotes":""},"class_list":["post-1275","page","type-page","status-publish","hentry","entry"],"yoast_head":"<!-- This site is optimized with the Yoast SEO plugin v27.5 - https:\/\/yoast.com\/product\/yoast-seo-wordpress\/ -->\n<title>S\u1ef1 Ki\u1ec7n - Canh Cam Consulting Media And Event LLC<\/title>\n<meta name=\"robots\" content=\"index, follow, max-snippet:-1, max-image-preview:large, max-video-preview:-1\" \/>\n<link rel=\"canonical\" href=\"https:\/\/canhcamconsulting.com\/index.php\/events\/\" \/>\n<meta property=\"og:locale\" content=\"en_US\" \/>\n<meta property=\"og:type\" content=\"article\" \/>\n<meta property=\"og:title\" content=\"S\u1ef1 Ki\u1ec7n - Canh Cam Consulting Media And Event LLC\" \/>\n<meta property=\"og:description\" content=\"\u1ea4n T\u01b0\u1ee3ng,\u0110\u1ed9c \u0110\u00e1o,Chuy\u00ean Nghi\u1ec7p \u0110\u1ea3m nh\u1eadn t\u1ea5t c\u1ea3 c\u00e1c kh\u00e2u t\u1ed5 ch\u1ee9c t\u1eeb x\u00e1c \u0111\u1ecbnh m\u1ee5c ti\u00eau, l\u1eadp d\u1ef1 to\u00e1n kinh ph\u00ed, l\u1eadp k\u1ebf ho\u1ea1ch v\u1edbi m\u1ed9t k\u1ecbch b\u1ea3n chi ti\u1ebft, \u0111\u1ebfn c\u00e1c c\u00f4ng t\u00e1c logistics, marketing v\u00e0 \u0111i\u1ec1u ph\u1ed1i, \u0111\u1ed9i ng\u0169 t\u1ed5 ch\u1ee9c s\u1ef1 ki\u1ec7n gi\u00e0u kinh nghi\u1ec7m c\u1ee7a C\u00e1nh Cam s\u1ebd \u0111\u1ed3ng h\u00e0nh [&hellip;]\" \/>\n<meta property=\"og:url\" content=\"https:\/\/canhcamconsulting.com\/index.php\/events\/\" \/>\n<meta property=\"og:site_name\" content=\"Canh Cam Consulting Media And Event LLC\" \/>\n<meta property=\"article:modified_time\" content=\"2022-11-21T16:36:38+00:00\" \/>\n<meta property=\"og:image\" content=\"https:\/\/canhcamconsulting.com\/wp-content\/uploads\/2022\/11\/hd-wallpaper-4768501_1920-1536x1024.jpg\" \/>\n<meta name=\"twitter:card\" content=\"summary_large_image\" \/>\n<meta name=\"twitter:label1\" content=\"Est. reading time\" \/>\n\t<meta name=\"twitter:data1\" content=\"1 minute\" \/>\n<script type=\"application\/ld+json\" class=\"yoast-schema-graph\">{\"@context\":\"https:\\\/\\\/schema.org\",\"@graph\":[{\"@type\":\"WebPage\",\"@id\":\"https:\\\/\\\/canhcamconsulting.com\\\/index.php\\\/events\\\/\",\"url\":\"https:\\\/\\\/canhcamconsulting.com\\\/index.php\\\/events\\\/\",\"name\":\"S\u1ef1 Ki\u1ec7n - Canh Cam Consulting Media And Event LLC\",\"isPartOf\":{\"@id\":\"https:\\\/\\\/canhcamconsulting.com\\\/#website\"},\"primaryImageOfPage\":{\"@id\":\"https:\\\/\\\/canhcamconsulting.com\\\/index.php\\\/events\\\/#primaryimage\"},\"image\":{\"@id\":\"https:\\\/\\\/canhcamconsulting.com\\\/index.php\\\/events\\\/#primaryimage\"},\"thumbnailUrl\":\"https:\\\/\\\/canhcamconsulting.com\\\/wp-content\\\/uploads\\\/2022\\\/11\\\/hd-wallpaper-4768501_1920-1536x1024.jpg\",\"datePublished\":\"2022-11-16T10:23:51+00:00\",\"dateModified\":\"2022-11-21T16:36:38+00:00\",\"breadcrumb\":{\"@id\":\"https:\\\/\\\/canhcamconsulting.com\\\/index.php\\\/events\\\/#breadcrumb\"},\"inLanguage\":\"en-US\",\"potentialAction\":[{\"@type\":\"ReadAction\",\"target\":[\"https:\\\/\\\/canhcamconsulting.com\\\/index.php\\\/events\\\/\"]}]},{\"@type\":\"ImageObject\",\"inLanguage\":\"en-US\",\"@id\":\"https:\\\/\\\/canhcamconsulting.com\\\/index.php\\\/events\\\/#primaryimage\",\"url\":\"https:\\\/\\\/canhcamconsulting.com\\\/wp-content\\\/uploads\\\/2022\\\/11\\\/hd-wallpaper-4768501_1920.jpg\",\"contentUrl\":\"https:\\\/\\\/canhcamconsulting.com\\\/wp-content\\\/uploads\\\/2022\\\/11\\\/hd-wallpaper-4768501_1920.jpg\",\"width\":1920,\"height\":1280},{\"@type\":\"BreadcrumbList\",\"@id\":\"https:\\\/\\\/canhcamconsulting.com\\\/index.php\\\/events\\\/#breadcrumb\",\"itemListElement\":[{\"@type\":\"ListItem\",\"position\":1,\"name\":\"Home\",\"item\":\"https:\\\/\\\/canhcamconsulting.com\\\/\"},{\"@type\":\"ListItem\",\"position\":2,\"name\":\"S\u1ef1 Ki\u1ec7n\"}]},{\"@type\":\"WebSite\",\"@id\":\"https:\\\/\\\/canhcamconsulting.com\\\/#website\",\"url\":\"https:\\\/\\\/canhcamconsulting.com\\\/\",\"name\":\"Canh Cam Consulting Media And Event LLC\",\"description\":\"\",\"publisher\":{\"@id\":\"https:\\\/\\\/canhcamconsulting.com\\\/#organization\"},\"potentialAction\":[{\"@type\":\"SearchAction\",\"target\":{\"@type\":\"EntryPoint\",\"urlTemplate\":\"https:\\\/\\\/canhcamconsulting.com\\\/?s={search_term_string}\"},\"query-input\":{\"@type\":\"PropertyValueSpecification\",\"valueRequired\":true,\"valueName\":\"search_term_string\"}}],\"inLanguage\":\"en-US\"},{\"@type\":\"Organization\",\"@id\":\"https:\\\/\\\/canhcamconsulting.com\\\/#organization\",\"name\":\"Canh Cam Consulting Media And Event LLC\",\"url\":\"https:\\\/\\\/canhcamconsulting.com\\\/\",\"logo\":{\"@type\":\"ImageObject\",\"inLanguage\":\"en-US\",\"@id\":\"https:\\\/\\\/canhcamconsulting.com\\\/#\\\/schema\\\/logo\\\/image\\\/\",\"url\":\"https:\\\/\\\/canhcamconsulting.com\\\/wp-content\\\/uploads\\\/2023\\\/02\\\/Logo-Canh-Cam-Consulting-light.png\",\"contentUrl\":\"https:\\\/\\\/canhcamconsulting.com\\\/wp-content\\\/uploads\\\/2023\\\/02\\\/Logo-Canh-Cam-Consulting-light.png\",\"width\":5000,\"height\":5037,\"caption\":\"Canh Cam Consulting Media And Event LLC\"},\"image\":{\"@id\":\"https:\\\/\\\/canhcamconsulting.com\\\/#\\\/schema\\\/logo\\\/image\\\/\"}}]}<\/script>\n<!-- \/ Yoast SEO plugin. -->","yoast_head_json":{"title":"S\u1ef1 Ki\u1ec7n - Canh Cam Consulting Media And Event LLC","robots":{"index":"index","follow":"follow","max-snippet":"max-snippet:-1","max-image-preview":"max-image-preview:large","max-video-preview":"max-video-preview:-1"},"canonical":"https:\/\/canhcamconsulting.com\/index.php\/events\/","og_locale":"en_US","og_type":"article","og_title":"S\u1ef1 Ki\u1ec7n - Canh Cam Consulting Media And Event LLC","og_description":"\u1ea4n T\u01b0\u1ee3ng,\u0110\u1ed9c \u0110\u00e1o,Chuy\u00ean Nghi\u1ec7p \u0110\u1ea3m nh\u1eadn t\u1ea5t c\u1ea3 c\u00e1c kh\u00e2u t\u1ed5 ch\u1ee9c t\u1eeb x\u00e1c \u0111\u1ecbnh m\u1ee5c ti\u00eau, l\u1eadp d\u1ef1 to\u00e1n kinh ph\u00ed, l\u1eadp k\u1ebf ho\u1ea1ch v\u1edbi m\u1ed9t k\u1ecbch b\u1ea3n chi ti\u1ebft, \u0111\u1ebfn c\u00e1c c\u00f4ng t\u00e1c logistics, marketing v\u00e0 \u0111i\u1ec1u ph\u1ed1i, \u0111\u1ed9i ng\u0169 t\u1ed5 ch\u1ee9c s\u1ef1 ki\u1ec7n gi\u00e0u kinh nghi\u1ec7m c\u1ee7a C\u00e1nh Cam s\u1ebd \u0111\u1ed3ng h\u00e0nh [&hellip;]","og_url":"https:\/\/canhcamconsulting.com\/index.php\/events\/","og_site_name":"Canh Cam Consulting Media And Event LLC","article_modified_time":"2022-11-21T16:36:38+00:00","og_image":[{"url":"https:\/\/canhcamconsulting.com\/wp-content\/uploads\/2022\/11\/hd-wallpaper-4768501_1920-1536x1024.jpg","type":"","width":"","height":""}],"twitter_card":"summary_large_image","twitter_misc":{"Est. reading time":"1 minute"},"schema":{"@context":"https:\/\/schema.org","@graph":[{"@type":"WebPage","@id":"https:\/\/canhcamconsulting.com\/index.php\/events\/","url":"https:\/\/canhcamconsulting.com\/index.php\/events\/","name":"S\u1ef1 Ki\u1ec7n - Canh Cam Consulting Media And Event LLC","isPartOf":{"@id":"https:\/\/canhcamconsulting.com\/#website"},"primaryImageOfPage":{"@id":"https:\/\/canhcamconsulting.com\/index.php\/events\/#primaryimage"},"image":{"@id":"https:\/\/canhcamconsulting.com\/index.php\/events\/#primaryimage"},"thumbnailUrl":"https:\/\/canhcamconsulting.com\/wp-content\/uploads\/2022\/11\/hd-wallpaper-4768501_1920-1536x1024.jpg","datePublished":"2022-11-16T10:23:51+00:00","dateModified":"2022-11-21T16:36:38+00:00","breadcrumb":{"@id":"https:\/\/canhcamconsulting.com\/index.php\/events\/#breadcrumb"},"inLanguage":"en-US","potentialAction":[{"@type":"ReadAction","target":["https:\/\/canhcamconsulting.com\/index.php\/events\/"]}]},{"@type":"ImageObject","inLanguage":"en-US","@id":"https:\/\/canhcamconsulting.com\/index.php\/events\/#primaryimage","url":"https:\/\/canhcamconsulting.com\/wp-content\/uploads\/2022\/11\/hd-wallpaper-4768501_1920.jpg","contentUrl":"https:\/\/canhcamconsulting.com\/wp-content\/uploads\/2022\/11\/hd-wallpaper-4768501_1920.jpg","width":1920,"height":1280},{"@type":"BreadcrumbList","@id":"https:\/\/canhcamconsulting.com\/index.php\/events\/#breadcrumb","itemListElement":[{"@type":"ListItem","position":1,"name":"Home","item":"https:\/\/canhcamconsulting.com\/"},{"@type":"ListItem","position":2,"name":"S\u1ef1 Ki\u1ec7n"}]},{"@type":"WebSite","@id":"https:\/\/canhcamconsulting.com\/#website","url":"https:\/\/canhcamconsulting.com\/","name":"Canh Cam Consulting Media And Event LLC","description":"","publisher":{"@id":"https:\/\/canhcamconsulting.com\/#organization"},"potentialAction":[{"@type":"SearchAction","target":{"@type":"EntryPoint","urlTemplate":"https:\/\/canhcamconsulting.com\/?s={search_term_string}"},"query-input":{"@type":"PropertyValueSpecification","valueRequired":true,"valueName":"search_term_string"}}],"inLanguage":"en-US"},{"@type":"Organization","@id":"https:\/\/canhcamconsulting.com\/#organization","name":"Canh Cam Consulting Media And Event LLC","url":"https:\/\/canhcamconsulting.com\/","logo":{"@type":"ImageObject","inLanguage":"en-US","@id":"https:\/\/canhcamconsulting.com\/#\/schema\/logo\/image\/","url":"https:\/\/canhcamconsulting.com\/wp-content\/uploads\/2023\/02\/Logo-Canh-Cam-Consulting-light.png","contentUrl":"https:\/\/canhcamconsulting.com\/wp-content\/uploads\/2023\/02\/Logo-Canh-Cam-Consulting-light.png","width":5000,"height":5037,"caption":"Canh Cam Consulting Media And Event LLC"},"image":{"@id":"https:\/\/canhcamconsulting.com\/#\/schema\/logo\/image\/"}}]}},"_links":{"self":[{"href":"https:\/\/canhcamconsulting.com\/index.php\/wp-json\/wp\/v2\/pages\/1275","targetHints":{"allow":["GET"]}}],"collection":[{"href":"https:\/\/canhcamconsulting.com\/index.php\/wp-json\/wp\/v2\/pages"}],"about":[{"href":"https:\/\/canhcamconsulting.com\/index.php\/wp-json\/wp\/v2\/types\/page"}],"author":[{"embeddable":true,"href":"https:\/\/canhcamconsulting.com\/index.php\/wp-json\/wp\/v2\/users\/1"}],"replies":[{"embeddable":true,"href":"https:\/\/canhcamconsulting.com\/index.php\/wp-json\/wp\/v2\/comments?post=1275"}],"version-history":[{"count":12,"href":"https:\/\/canhcamconsulting.com\/index.php\/wp-json\/wp\/v2\/pages\/1275\/revisions"}],"predecessor-version":[{"id":1496,"href":"https:\/\/canhcamconsulting.com\/index.php\/wp-json\/wp\/v2\/pages\/1275\/revisions\/1496"}],"wp:attachment":[{"href":"https:\/\/canhcamconsulting.com\/index.php\/wp-json\/wp\/v2\/media?parent=1275"}],"curies":[{"name":"wp","href":"https:\/\/api.w.org\/{rel}","templated":true}]}}