{"id":355,"date":"2016-09-24T14:40:14","date_gmt":"2016-09-24T14:40:14","guid":{"rendered":"http:\/\/fitness2.mythemecloud.io\/?page_id=355"},"modified":"2022-11-21T17:14:35","modified_gmt":"2022-11-21T17:14:35","slug":"home","status":"publish","type":"page","link":"https:\/\/canhcamconsulting.com\/","title":{"rendered":"Trang Ch\u1ee7"},"content":{"rendered":"\t\t<div data-elementor-type=\"wp-post\" data-elementor-id=\"355\" class=\"elementor elementor-355\">\n\t\t\t\t\t\t<section class=\"elementor-section elementor-top-section elementor-element elementor-element-d1d0567 elementor-section-boxed elementor-section-height-default elementor-section-height-default\" data-id=\"d1d0567\" data-element_type=\"section\" data-e-type=\"section\">\n\t\t\t\t\t\t<div class=\"elementor-container elementor-column-gap-default\">\n\t\t\t\t\t<div class=\"elementor-column elementor-col-100 elementor-top-column elementor-element elementor-element-dc624ae\" data-id=\"dc624ae\" data-element_type=\"column\" data-e-type=\"column\">\n\t\t\t<div class=\"elementor-widget-wrap elementor-element-populated\">\n\t\t\t\t\t\t<div class=\"elementor-element elementor-element-d96a9e8 elementor-invisible elementor-widget elementor-widget-image\" data-id=\"d96a9e8\" data-element_type=\"widget\" data-e-type=\"widget\" data-settings=\"{&quot;_animation&quot;:&quot;zoomIn&quot;}\" data-widget_type=\"image.default\">\n\t\t\t\t<div class=\"elementor-widget-container\">\n\t\t\t\t\t\t\t\t\t\t\t\t\t\t\t<img fetchpriority=\"high\" decoding=\"async\" width=\"1024\" height=\"613\" src=\"https:\/\/canhcamconsulting.com\/wp-content\/uploads\/2022\/11\/ladybug-349456-1024x613.jpg\" class=\"attachment-large size-large wp-image-1534\" alt=\"\" srcset=\"https:\/\/canhcamconsulting.com\/wp-content\/uploads\/2022\/11\/ladybug-349456-1024x613.jpg 1024w, https:\/\/canhcamconsulting.com\/wp-content\/uploads\/2022\/11\/ladybug-349456-300x180.jpg 300w, https:\/\/canhcamconsulting.com\/wp-content\/uploads\/2022\/11\/ladybug-349456-768x460.jpg 768w, https:\/\/canhcamconsulting.com\/wp-content\/uploads\/2022\/11\/ladybug-349456-1536x920.jpg 1536w, https:\/\/canhcamconsulting.com\/wp-content\/uploads\/2022\/11\/ladybug-349456-18x12.jpg 18w, https:\/\/canhcamconsulting.com\/wp-content\/uploads\/2022\/11\/ladybug-349456.jpg 2026w\" sizes=\"(max-width: 1024px) 100vw, 1024px\" \/>\t\t\t\t\t\t\t\t\t\t\t\t\t\t\t<\/div>\n\t\t\t\t<\/div>\n\t\t\t\t<div class=\"elementor-element elementor-element-2290c0a elementor-align-center elementor-invisible elementor-widget elementor-widget-button\" data-id=\"2290c0a\" data-element_type=\"widget\" data-e-type=\"widget\" data-settings=\"{&quot;_animation&quot;:&quot;fadeInUp&quot;}\" data-widget_type=\"button.default\">\n\t\t\t\t<div class=\"elementor-widget-container\">\n\t\t\t\t\t\t\t\t\t<div class=\"elementor-button-wrapper\">\n\t\t\t\t\t<a class=\"elementor-button elementor-button-link elementor-size-xl\" href=\"https:\/\/canhcamconsulting.com\/index.php\/our-works\/\">\n\t\t\t\t\t\t<span class=\"elementor-button-content-wrapper\">\n\t\t\t\t\t\t\t\t\t<span class=\"elementor-button-text\">Ch\u00e0o M\u1eebng B\u1ea1n \u0110\u00e3 \u0110\u1ebfn V\u1edbi S\u1ef1 Chuy\u00ean Nghi\u1ec7p<\/span>\n\t\t\t\t\t<\/span>\n\t\t\t\t\t<\/a>\n\t\t\t\t<\/div>\n\t\t\t\t\t\t\t\t<\/div>\n\t\t\t\t<\/div>\n\t\t\t\t<div class=\"elementor-element elementor-element-dd73506 elementor-widget elementor-widget-spacer\" data-id=\"dd73506\" data-element_type=\"widget\" data-e-type=\"widget\" data-widget_type=\"spacer.default\">\n\t\t\t\t<div class=\"elementor-widget-container\">\n\t\t\t\t\t\t\t<div class=\"elementor-spacer\">\n\t\t\t<div class=\"elementor-spacer-inner\"><\/div>\n\t\t<\/div>\n\t\t\t\t\t\t<\/div>\n\t\t\t\t<\/div>\n\t\t\t\t\t<\/div>\n\t\t<\/div>\n\t\t\t\t\t<\/div>\n\t\t<\/section>\n\t\t\t\t<\/div>\n\t\t","protected":false},"excerpt":{"rendered":"<p>Ch\u00e0o M\u1eebng B\u1ea1n \u0110\u00e3 \u0110\u1ebfn V\u1edbi S\u1ef1 Chuy\u00ean Nghi\u1ec7p<\/p>\n","protected":false},"author":1,"featured_media":0,"parent":0,"menu_order":0,"comment_status":"closed","ping_status":"closed","template":"","meta":{"om_disable_all_campaigns":false,"ocean_post_layout":"full-screen","ocean_both_sidebars_style":"","ocean_both_sidebars_content_width":0,"ocean_both_sidebars_sidebars_width":0,"ocean_sidebar":"0","ocean_second_sidebar":"0","ocean_disable_margins":"on","ocean_add_body_class":"","ocean_shortcode_before_top_bar":"","ocean_shortcode_after_top_bar":"","ocean_shortcode_before_header":"","ocean_shortcode_after_header":"","ocean_has_shortcode":"","ocean_shortcode_after_title":"","ocean_shortcode_before_footer_widgets":"","ocean_shortcode_after_footer_widgets":"","ocean_shortcode_before_footer_bottom":"","ocean_shortcode_after_footer_bottom":"","ocean_display_top_bar":"default","ocean_display_header":"default","ocean_header_style":"","ocean_center_header_left_menu":"0","ocean_custom_header_template":"0","ocean_custom_logo":0,"ocean_custom_retina_logo":0,"ocean_custom_logo_max_width":0,"ocean_custom_logo_tablet_max_width":0,"ocean_custom_logo_mobile_max_width":0,"ocean_custom_logo_max_height":0,"ocean_custom_logo_tablet_max_height":0,"ocean_custom_logo_mobile_max_height":0,"ocean_header_custom_menu":"0","ocean_menu_typo_font_family":"0","ocean_menu_typo_font_subset":"","ocean_menu_typo_font_size":0,"ocean_menu_typo_font_size_tablet":0,"ocean_menu_typo_font_size_mobile":0,"ocean_menu_typo_font_size_unit":"px","ocean_menu_typo_font_weight":"","ocean_menu_typo_font_weight_tablet":"","ocean_menu_typo_font_weight_mobile":"","ocean_menu_typo_transform":"","ocean_menu_typo_transform_tablet":"","ocean_menu_typo_transform_mobile":"","ocean_menu_typo_line_height":0,"ocean_menu_typo_line_height_tablet":0,"ocean_menu_typo_line_height_mobile":0,"ocean_menu_typo_line_height_unit":"","ocean_menu_typo_spacing":0,"ocean_menu_typo_spacing_tablet":0,"ocean_menu_typo_spacing_mobile":0,"ocean_menu_typo_spacing_unit":"","ocean_menu_link_color":"","ocean_menu_link_color_hover":"","ocean_menu_link_color_active":"","ocean_menu_link_background":"","ocean_menu_link_hover_background":"","ocean_menu_link_active_background":"","ocean_menu_social_links_bg":"","ocean_menu_social_hover_links_bg":"","ocean_menu_social_links_color":"","ocean_menu_social_hover_links_color":"","ocean_disable_title":"on","ocean_disable_heading":"default","ocean_post_title":"","ocean_post_subheading":"","ocean_post_title_style":"","ocean_post_title_background_color":"","ocean_post_title_background":0,"ocean_post_title_bg_image_position":"","ocean_post_title_bg_image_attachment":"","ocean_post_title_bg_image_repeat":"","ocean_post_title_bg_image_size":"","ocean_post_title_height":0,"ocean_post_title_bg_overlay":0.5,"ocean_post_title_bg_overlay_color":"","ocean_disable_breadcrumbs":"default","ocean_breadcrumbs_color":"","ocean_breadcrumbs_separator_color":"","ocean_breadcrumbs_links_color":"","ocean_breadcrumbs_links_hover_color":"","ocean_display_footer_widgets":"default","ocean_display_footer_bottom":"default","ocean_custom_footer_template":"0","footnotes":""},"class_list":["post-355","page","type-page","status-publish","hentry","entry"],"yoast_head":"<!-- This site is optimized with the Yoast SEO plugin v27.5 - https:\/\/yoast.com\/product\/yoast-seo-wordpress\/ -->\n<title>Trang Ch\u1ee7 - Canh Cam Consulting Media And Event LLC<\/title>\n<meta name=\"robots\" content=\"index, follow, max-snippet:-1, max-image-preview:large, max-video-preview:-1\" \/>\n<link rel=\"canonical\" href=\"https:\/\/canhcamconsulting.com\/\" \/>\n<meta property=\"og:locale\" content=\"en_US\" \/>\n<meta property=\"og:type\" content=\"article\" \/>\n<meta property=\"og:title\" content=\"Trang Ch\u1ee7 - Canh Cam Consulting Media And Event LLC\" \/>\n<meta property=\"og:description\" content=\"Ch\u00e0o M\u1eebng B\u1ea1n \u0110\u00e3 \u0110\u1ebfn V\u1edbi S\u1ef1 Chuy\u00ean Nghi\u1ec7p\" \/>\n<meta property=\"og:url\" content=\"https:\/\/canhcamconsulting.com\/\" \/>\n<meta property=\"og:site_name\" content=\"Canh Cam Consulting Media And Event LLC\" \/>\n<meta property=\"article:modified_time\" content=\"2022-11-21T17:14:35+00:00\" \/>\n<meta property=\"og:image\" content=\"https:\/\/canhcamconsulting.com\/wp-content\/uploads\/2022\/11\/ladybug-349456-1024x613.jpg\" \/>\n<meta name=\"twitter:card\" content=\"summary_large_image\" \/>\n<meta name=\"twitter:label1\" content=\"Est. reading time\" \/>\n\t<meta name=\"twitter:data1\" content=\"1 minute\" \/>\n<script type=\"application\/ld+json\" class=\"yoast-schema-graph\">{\"@context\":\"https:\\\/\\\/schema.org\",\"@graph\":[{\"@type\":\"WebPage\",\"@id\":\"https:\\\/\\\/canhcamconsulting.com\\\/\",\"url\":\"https:\\\/\\\/canhcamconsulting.com\\\/\",\"name\":\"Trang Ch\u1ee7 - Canh Cam Consulting Media And Event LLC\",\"isPartOf\":{\"@id\":\"https:\\\/\\\/canhcamconsulting.com\\\/#website\"},\"primaryImageOfPage\":{\"@id\":\"https:\\\/\\\/canhcamconsulting.com\\\/#primaryimage\"},\"image\":{\"@id\":\"https:\\\/\\\/canhcamconsulting.com\\\/#primaryimage\"},\"thumbnailUrl\":\"https:\\\/\\\/canhcamconsulting.com\\\/wp-content\\\/uploads\\\/2022\\\/11\\\/ladybug-349456-1024x613.jpg\",\"datePublished\":\"2016-09-24T14:40:14+00:00\",\"dateModified\":\"2022-11-21T17:14:35+00:00\",\"breadcrumb\":{\"@id\":\"https:\\\/\\\/canhcamconsulting.com\\\/#breadcrumb\"},\"inLanguage\":\"en-US\",\"potentialAction\":[{\"@type\":\"ReadAction\",\"target\":[\"https:\\\/\\\/canhcamconsulting.com\\\/\"]}]},{\"@type\":\"ImageObject\",\"inLanguage\":\"en-US\",\"@id\":\"https:\\\/\\\/canhcamconsulting.com\\\/#primaryimage\",\"url\":\"https:\\\/\\\/canhcamconsulting.com\\\/wp-content\\\/uploads\\\/2022\\\/11\\\/ladybug-349456.jpg\",\"contentUrl\":\"https:\\\/\\\/canhcamconsulting.com\\\/wp-content\\\/uploads\\\/2022\\\/11\\\/ladybug-349456.jpg\",\"width\":2026,\"height\":1213},{\"@type\":\"BreadcrumbList\",\"@id\":\"https:\\\/\\\/canhcamconsulting.com\\\/#breadcrumb\",\"itemListElement\":[{\"@type\":\"ListItem\",\"position\":1,\"name\":\"Home\",\"item\":\"https:\\\/\\\/canhcamconsulting.com\\\/\"},{\"@type\":\"ListItem\",\"position\":2,\"name\":\"Trang Ch\u1ee7\"}]},{\"@type\":\"WebSite\",\"@id\":\"https:\\\/\\\/canhcamconsulting.com\\\/#website\",\"url\":\"https:\\\/\\\/canhcamconsulting.com\\\/\",\"name\":\"Canh Cam Consulting Media And Event LLC\",\"description\":\"\",\"publisher\":{\"@id\":\"https:\\\/\\\/canhcamconsulting.com\\\/#organization\"},\"potentialAction\":[{\"@type\":\"SearchAction\",\"target\":{\"@type\":\"EntryPoint\",\"urlTemplate\":\"https:\\\/\\\/canhcamconsulting.com\\\/?s={search_term_string}\"},\"query-input\":{\"@type\":\"PropertyValueSpecification\",\"valueRequired\":true,\"valueName\":\"search_term_string\"}}],\"inLanguage\":\"en-US\"},{\"@type\":\"Organization\",\"@id\":\"https:\\\/\\\/canhcamconsulting.com\\\/#organization\",\"name\":\"Canh Cam Consulting Media And Event LLC\",\"url\":\"https:\\\/\\\/canhcamconsulting.com\\\/\",\"logo\":{\"@type\":\"ImageObject\",\"inLanguage\":\"en-US\",\"@id\":\"https:\\\/\\\/canhcamconsulting.com\\\/#\\\/schema\\\/logo\\\/image\\\/\",\"url\":\"https:\\\/\\\/canhcamconsulting.com\\\/wp-content\\\/uploads\\\/2023\\\/02\\\/Logo-Canh-Cam-Consulting-light.png\",\"contentUrl\":\"https:\\\/\\\/canhcamconsulting.com\\\/wp-content\\\/uploads\\\/2023\\\/02\\\/Logo-Canh-Cam-Consulting-light.png\",\"width\":5000,\"height\":5037,\"caption\":\"Canh Cam Consulting Media And Event LLC\"},\"image\":{\"@id\":\"https:\\\/\\\/canhcamconsulting.com\\\/#\\\/schema\\\/logo\\\/image\\\/\"}}]}<\/script>\n<!-- \/ Yoast SEO plugin. -->","yoast_head_json":{"title":"Trang Ch\u1ee7 - Canh Cam Consulting Media And Event LLC","robots":{"index":"index","follow":"follow","max-snippet":"max-snippet:-1","max-image-preview":"max-image-preview:large","max-video-preview":"max-video-preview:-1"},"canonical":"https:\/\/canhcamconsulting.com\/","og_locale":"en_US","og_type":"article","og_title":"Trang Ch\u1ee7 - Canh Cam Consulting Media And Event LLC","og_description":"Ch\u00e0o M\u1eebng B\u1ea1n \u0110\u00e3 \u0110\u1ebfn V\u1edbi S\u1ef1 Chuy\u00ean Nghi\u1ec7p","og_url":"https:\/\/canhcamconsulting.com\/","og_site_name":"Canh Cam Consulting Media And Event LLC","article_modified_time":"2022-11-21T17:14:35+00:00","og_image":[{"url":"https:\/\/canhcamconsulting.com\/wp-content\/uploads\/2022\/11\/ladybug-349456-1024x613.jpg","type":"","width":"","height":""}],"twitter_card":"summary_large_image","twitter_misc":{"Est. reading time":"1 minute"},"schema":{"@context":"https:\/\/schema.org","@graph":[{"@type":"WebPage","@id":"https:\/\/canhcamconsulting.com\/","url":"https:\/\/canhcamconsulting.com\/","name":"Trang Ch\u1ee7 - Canh Cam Consulting Media And Event LLC","isPartOf":{"@id":"https:\/\/canhcamconsulting.com\/#website"},"primaryImageOfPage":{"@id":"https:\/\/canhcamconsulting.com\/#primaryimage"},"image":{"@id":"https:\/\/canhcamconsulting.com\/#primaryimage"},"thumbnailUrl":"https:\/\/canhcamconsulting.com\/wp-content\/uploads\/2022\/11\/ladybug-349456-1024x613.jpg","datePublished":"2016-09-24T14:40:14+00:00","dateModified":"2022-11-21T17:14:35+00:00","breadcrumb":{"@id":"https:\/\/canhcamconsulting.com\/#breadcrumb"},"inLanguage":"en-US","potentialAction":[{"@type":"ReadAction","target":["https:\/\/canhcamconsulting.com\/"]}]},{"@type":"ImageObject","inLanguage":"en-US","@id":"https:\/\/canhcamconsulting.com\/#primaryimage","url":"https:\/\/canhcamconsulting.com\/wp-content\/uploads\/2022\/11\/ladybug-349456.jpg","contentUrl":"https:\/\/canhcamconsulting.com\/wp-content\/uploads\/2022\/11\/ladybug-349456.jpg","width":2026,"height":1213},{"@type":"BreadcrumbList","@id":"https:\/\/canhcamconsulting.com\/#breadcrumb","itemListElement":[{"@type":"ListItem","position":1,"name":"Home","item":"https:\/\/canhcamconsulting.com\/"},{"@type":"ListItem","position":2,"name":"Trang Ch\u1ee7"}]},{"@type":"WebSite","@id":"https:\/\/canhcamconsulting.com\/#website","url":"https:\/\/canhcamconsulting.com\/","name":"Canh Cam Consulting Media And Event LLC","description":"","publisher":{"@id":"https:\/\/canhcamconsulting.com\/#organization"},"potentialAction":[{"@type":"SearchAction","target":{"@type":"EntryPoint","urlTemplate":"https:\/\/canhcamconsulting.com\/?s={search_term_string}"},"query-input":{"@type":"PropertyValueSpecification","valueRequired":true,"valueName":"search_term_string"}}],"inLanguage":"en-US"},{"@type":"Organization","@id":"https:\/\/canhcamconsulting.com\/#organization","name":"Canh Cam Consulting Media And Event LLC","url":"https:\/\/canhcamconsulting.com\/","logo":{"@type":"ImageObject","inLanguage":"en-US","@id":"https:\/\/canhcamconsulting.com\/#\/schema\/logo\/image\/","url":"https:\/\/canhcamconsulting.com\/wp-content\/uploads\/2023\/02\/Logo-Canh-Cam-Consulting-light.png","contentUrl":"https:\/\/canhcamconsulting.com\/wp-content\/uploads\/2023\/02\/Logo-Canh-Cam-Consulting-light.png","width":5000,"height":5037,"caption":"Canh Cam Consulting Media And Event LLC"},"image":{"@id":"https:\/\/canhcamconsulting.com\/#\/schema\/logo\/image\/"}}]}},"_links":{"self":[{"href":"https:\/\/canhcamconsulting.com\/index.php\/wp-json\/wp\/v2\/pages\/355","targetHints":{"allow":["GET"]}}],"collection":[{"href":"https:\/\/canhcamconsulting.com\/index.php\/wp-json\/wp\/v2\/pages"}],"about":[{"href":"https:\/\/canhcamconsulting.com\/index.php\/wp-json\/wp\/v2\/types\/page"}],"author":[{"embeddable":true,"href":"https:\/\/canhcamconsulting.com\/index.php\/wp-json\/wp\/v2\/users\/1"}],"replies":[{"embeddable":true,"href":"https:\/\/canhcamconsulting.com\/index.php\/wp-json\/wp\/v2\/comments?post=355"}],"version-history":[{"count":7,"href":"https:\/\/canhcamconsulting.com\/index.php\/wp-json\/wp\/v2\/pages\/355\/revisions"}],"predecessor-version":[{"id":1538,"href":"https:\/\/canhcamconsulting.com\/index.php\/wp-json\/wp\/v2\/pages\/355\/revisions\/1538"}],"wp:attachment":[{"href":"https:\/\/canhcamconsulting.com\/index.php\/wp-json\/wp\/v2\/media?parent=355"}],"curies":[{"name":"wp","href":"https:\/\/api.w.org\/{rel}","templated":true}]}}